{"id":4044,"date":"2026-04-21T04:43:51","date_gmt":"2026-04-21T10:43:51","guid":{"rendered":"http:\/\/34.83.78.142\/index.php\/product\/extension-p-pintar-2-7mt-aluminio-exta-27-truper\/"},"modified":"2026-04-21T04:43:53","modified_gmt":"2026-04-21T10:43:53","slug":"extension-pintar-2-7m-aluminio-exta-27-truper","status":"publish","type":"product","link":"https:\/\/www.veneciacr.com\/index.php\/producto\/extension-pintar-2-7m-aluminio-exta-27-truper\/","title":{"rendered":"EXTENSION PINTAR 2.7M ALUMINIO EXTA-27 TRUPER"},"content":{"rendered":"<p>Longitud m\u00e1xima 2.7 m<br \/>\nLongitud m\u00ednima 1.06 m<br \/>\nDi\u00e1metro 25 mm<br \/>\nPeso 418 g<br \/>\nEmpaque Bolsa<br \/>\nCARACTER\u00cdSTICAS<br \/>\nFabricada de aluminio y polipropileno<br \/>\nTelesc\u00f3pica<br \/>\nPunta de rosca para ajustar los rodillos y cepillos de pintor<br \/>\n3 Tramos<\/p>\n","protected":false},"excerpt":{"rendered":"<p>Longitud m\u00e1xima 2.7 m Longitud m\u00ednima 1.06 m Di\u00e1metro 25 mm Peso 418 g Empaque Bolsa CARACTER\u00cdSTICAS Fabricada de aluminio<\/p>\n","protected":false},"featured_media":76217,"comment_status":"closed","ping_status":"open","template":"","meta":[],"product_brand":[],"product_cat":[15],"product_tag":[],"class_list":{"0":"post-4044","1":"product","2":"type-product","3":"status-publish","4":"has-post-thumbnail","6":"product_cat-uncategorized","8":"first","9":"outofstock","10":"purchasable","11":"product-type-simple"},"jetpack_sharing_enabled":true,"_links":{"self":[{"href":"https:\/\/www.veneciacr.com\/index.php\/wp-json\/wp\/v2\/product\/4044","targetHints":{"allow":["GET"]}}],"collection":[{"href":"https:\/\/www.veneciacr.com\/index.php\/wp-json\/wp\/v2\/product"}],"about":[{"href":"https:\/\/www.veneciacr.com\/index.php\/wp-json\/wp\/v2\/types\/product"}],"replies":[{"embeddable":true,"href":"https:\/\/www.veneciacr.com\/index.php\/wp-json\/wp\/v2\/comments?post=4044"}],"wp:featuredmedia":[{"embeddable":true,"href":"https:\/\/www.veneciacr.com\/index.php\/wp-json\/wp\/v2\/media\/76217"}],"wp:attachment":[{"href":"https:\/\/www.veneciacr.com\/index.php\/wp-json\/wp\/v2\/media?parent=4044"}],"wp:term":[{"taxonomy":"product_brand","embeddable":true,"href":"https:\/\/www.veneciacr.com\/index.php\/wp-json\/wp\/v2\/product_brand?post=4044"},{"taxonomy":"product_cat","embeddable":true,"href":"https:\/\/www.veneciacr.com\/index.php\/wp-json\/wp\/v2\/product_cat?post=4044"},{"taxonomy":"product_tag","embeddable":true,"href":"https:\/\/www.veneciacr.com\/index.php\/wp-json\/wp\/v2\/product_tag?post=4044"}],"curies":[{"name":"wp","href":"https:\/\/api.w.org\/{rel}","templated":true}]}}