{"id":4034,"date":"2026-04-21T04:43:57","date_gmt":"2026-04-21T10:43:57","guid":{"rendered":"http:\/\/34.83.78.142\/index.php\/product\/aceite-2-tiempos-4oz-act-2t-4-truper-17624\/"},"modified":"2026-04-21T04:43:57","modified_gmt":"2026-04-21T10:43:57","slug":"aceite-2t-3oz-aces-5-truper","status":"publish","type":"product","link":"https:\/\/www.veneciacr.com\/index.php\/producto\/aceite-2t-3oz-aces-5-truper\/","title":{"rendered":"ACEITE 2T 3OZ ACES-5 TRUPER"},"content":{"rendered":"<p>Aceite sint\u00e9tico con estabilizador que maximiza la vida \u00fatil del motor hasta un 80%<\/p>\n<p>Contenido exacto para mezcla* de gasolina (5 L)<\/p>\n<p>Para mezclas* 50:1, 40:1, 32:1 y 16:1<\/p>\n<p>Bote con relieves para un mejor agarre, boca f\u00e1cil de verter y ventana para verificar el nivel de aceite<\/p>\n<p>M\u00e1ximo desempe\u00f1o, mayor ahorro de combustible, baja emisi\u00f3n de humo<\/p>\n<div class=\"col-6\">\n<div class=\"table-responsive tabla_border\">\n<table class=\"table table-bordered table_info_prod align-middle m-0\">\n<tbody>\n<tr id=\"tabla_especs\">\n<th class=\"tamanio_th_especs\" scope=\"row\">\n<p class=\"margen_tabla_especs\">Contenido<\/p>\n<\/th>\n<td>\n<p class=\"margen_tabla_especs\">100\u00a0ml (3 oz)<\/p>\n<\/td>\n<\/tr>\n<tr id=\"tabla_especs\">\n<th class=\"tamanio_th_especs\" scope=\"row\">\n<p class=\"margen_tabla_especs\">Viscosidad cinem\u00e1tica a 40\u00b0C<\/p>\n<\/th>\n<td>\n<p class=\"margen_tabla_especs\">70 sCt<\/p>\n<\/td>\n<\/tr>\n<tr id=\"tabla_especs\">\n<th class=\"tamanio_th_especs\" scope=\"row\">\n<p class=\"margen_tabla_especs\">Punto de inflamaci\u00f3n<\/p>\n<\/th>\n<td>\n<p class=\"margen_tabla_especs\">&gt;90\u00b0 C<\/p>\n<\/td>\n<\/tr>\n<tr id=\"tabla_especs\">\n<th class=\"tamanio_th_especs\" scope=\"row\">\n<p class=\"margen_tabla_especs\">Empaque individual<\/p>\n<\/th>\n<td>\n<p class=\"margen_tabla_especs\">Envase con etiqueta<\/p>\n<\/td>\n<\/tr>\n<tr id=\"tabla_especs\">\n<th class=\"tamanio_th_especs\" scope=\"row\"><\/th>\n<td><\/td>\n<\/tr>\n<\/tbody>\n<\/table>\n<\/div>\n<\/div>\n<div class=\"col-6\">\n<div class=\"table-responsive tabla_border\">\n<table class=\"table table-bordered table_info_prod align-middle m-0\">\n<tbody>\n<tr id=\"tabla_especs\">\n<th class=\"tamanio_th_especs\" scope=\"row\">\n<p class=\"margen_tabla_especs\">Mezcla* de gasolina por botella de aceite<\/p>\n<\/th>\n<td>\n<p class=\"margen_tabla_especs\">5\u00a0L (1.3 gal)<\/p>\n<\/td>\n<\/tr>\n<tr id=\"tabla_especs\">\n<th class=\"tamanio_th_especs\" scope=\"row\">\n<p class=\"margen_tabla_especs\">\u00cdndice de viscosidad<\/p>\n<\/th>\n<td>\n<p class=\"margen_tabla_especs\">140<\/p>\n<\/td>\n<\/tr>\n<tr id=\"tabla_especs\">\n<th class=\"tamanio_th_especs\" scope=\"row\">\n<p class=\"margen_tabla_especs\">Punto de escurrimiento<\/p>\n<\/th>\n<td>\n<p class=\"margen_tabla_especs\">-36\u00b0 C<\/p>\n<\/td>\n<\/tr>\n<\/tbody>\n<\/table>\n<\/div>\n<\/div>\n","protected":false},"excerpt":{"rendered":"<p>Aceite sint\u00e9tico con estabilizador que maximiza la vida \u00fatil del motor hasta un 80% Contenido exacto para mezcla* de gasolina<\/p>\n","protected":false},"featured_media":95776,"comment_status":"closed","ping_status":"open","template":"","meta":[],"product_brand":[],"product_cat":[15],"product_tag":[],"class_list":{"0":"post-4034","1":"product","2":"type-product","3":"status-publish","4":"has-post-thumbnail","6":"product_cat-uncategorized","8":"first","9":"instock","10":"purchasable","11":"product-type-simple"},"jetpack_sharing_enabled":true,"_links":{"self":[{"href":"https:\/\/www.veneciacr.com\/index.php\/wp-json\/wp\/v2\/product\/4034","targetHints":{"allow":["GET"]}}],"collection":[{"href":"https:\/\/www.veneciacr.com\/index.php\/wp-json\/wp\/v2\/product"}],"about":[{"href":"https:\/\/www.veneciacr.com\/index.php\/wp-json\/wp\/v2\/types\/product"}],"replies":[{"embeddable":true,"href":"https:\/\/www.veneciacr.com\/index.php\/wp-json\/wp\/v2\/comments?post=4034"}],"wp:featuredmedia":[{"embeddable":true,"href":"https:\/\/www.veneciacr.com\/index.php\/wp-json\/wp\/v2\/media\/95776"}],"wp:attachment":[{"href":"https:\/\/www.veneciacr.com\/index.php\/wp-json\/wp\/v2\/media?parent=4034"}],"wp:term":[{"taxonomy":"product_brand","embeddable":true,"href":"https:\/\/www.veneciacr.com\/index.php\/wp-json\/wp\/v2\/product_brand?post=4034"},{"taxonomy":"product_cat","embeddable":true,"href":"https:\/\/www.veneciacr.com\/index.php\/wp-json\/wp\/v2\/product_cat?post=4034"},{"taxonomy":"product_tag","embeddable":true,"href":"https:\/\/www.veneciacr.com\/index.php\/wp-json\/wp\/v2\/product_tag?post=4034"}],"curies":[{"name":"wp","href":"https:\/\/api.w.org\/{rel}","templated":true}]}}