{"id":4020,"date":"2026-04-30T02:10:16","date_gmt":"2026-04-30T08:10:16","guid":{"rendered":"http:\/\/34.83.78.142\/index.php\/product\/pistola-p-limpiar-motores-pilim-683-truper-19237\/"},"modified":"2026-04-30T02:10:17","modified_gmt":"2026-04-30T08:10:17","slug":"pistola-limpiar-motores-pilim-683-truper","status":"publish","type":"product","link":"https:\/\/www.veneciacr.com\/index.php\/producto\/pistola-limpiar-motores-pilim-683-truper\/","title":{"rendered":"PISTOLA LIMPIAR MOTORES PILIM-683 TRUPER"},"content":{"rendered":"<p>Cuerpo de aluminio<br \/>\nManguera de PVC<br \/>\nLigera para un mejor manejo<br \/>\nPipeta de extensi\u00f3n que permite alcanzar \u00e1reas de dif\u00edcil acceso<\/p>\n<p>ESPECIFICACIONES<br \/>\nConexi\u00f3n: 1\/4 NPT<br \/>\nPresi\u00f3n optima de trabajo: 35 a 70 PSI<br \/>\nLongitud total: 37 cm<br \/>\nLongitud de manguera: 1 m<br \/>\nDureza: 60 HV<br \/>\nPeso: 306 g<br \/>\nEmpaque individual: Caja<\/p>\n","protected":false},"excerpt":{"rendered":"<p>Cuerpo de aluminio Manguera de PVC Ligera para un mejor manejo Pipeta de extensi\u00f3n que permite alcanzar \u00e1reas de dif\u00edcil<\/p>\n","protected":false},"featured_media":76204,"comment_status":"closed","ping_status":"open","template":"","meta":[],"product_brand":[],"product_cat":[15],"product_tag":[],"class_list":{"0":"post-4020","1":"product","2":"type-product","3":"status-publish","4":"has-post-thumbnail","6":"product_cat-uncategorized","8":"first","9":"instock","10":"purchasable","11":"product-type-simple"},"jetpack_sharing_enabled":true,"_links":{"self":[{"href":"https:\/\/www.veneciacr.com\/index.php\/wp-json\/wp\/v2\/product\/4020","targetHints":{"allow":["GET"]}}],"collection":[{"href":"https:\/\/www.veneciacr.com\/index.php\/wp-json\/wp\/v2\/product"}],"about":[{"href":"https:\/\/www.veneciacr.com\/index.php\/wp-json\/wp\/v2\/types\/product"}],"replies":[{"embeddable":true,"href":"https:\/\/www.veneciacr.com\/index.php\/wp-json\/wp\/v2\/comments?post=4020"}],"wp:featuredmedia":[{"embeddable":true,"href":"https:\/\/www.veneciacr.com\/index.php\/wp-json\/wp\/v2\/media\/76204"}],"wp:attachment":[{"href":"https:\/\/www.veneciacr.com\/index.php\/wp-json\/wp\/v2\/media?parent=4020"}],"wp:term":[{"taxonomy":"product_brand","embeddable":true,"href":"https:\/\/www.veneciacr.com\/index.php\/wp-json\/wp\/v2\/product_brand?post=4020"},{"taxonomy":"product_cat","embeddable":true,"href":"https:\/\/www.veneciacr.com\/index.php\/wp-json\/wp\/v2\/product_cat?post=4020"},{"taxonomy":"product_tag","embeddable":true,"href":"https:\/\/www.veneciacr.com\/index.php\/wp-json\/wp\/v2\/product_tag?post=4020"}],"curies":[{"name":"wp","href":"https:\/\/api.w.org\/{rel}","templated":true}]}}