{"id":4006,"date":"2026-04-21T04:46:13","date_gmt":"2026-04-21T10:46:13","guid":{"rendered":"http:\/\/34.83.78.142\/index.php\/product\/guante-p-soldar-cuero-gu-515-gu-sol-truper\/"},"modified":"2026-04-21T04:46:15","modified_gmt":"2026-04-21T10:46:15","slug":"guante-soldar-cuero-azul-gu-515-truper","status":"publish","type":"product","link":"https:\/\/www.veneciacr.com\/index.php\/producto\/guante-soldar-cuero-azul-gu-515-truper\/","title":{"rendered":"GUANTE SOLDAR CUERO AZUL GU-515 TRUPER"},"content":{"rendered":"<p>Fabricados en carnaza premium<br \/>\nCon forro interno de algod\u00f3n, uniones protegidas con carnaza y costuras de hilo kevlar para mayor duraci\u00f3n<br \/>\nRefuerzo externo en palmas y dedo pulgar<br \/>\nPu\u00f1o largo de seguridad que protege el antebrazo, expulsi\u00f3n r\u00e1pida del guante<\/p>\n<p>ESPECIFICACIONES<br \/>\nTalla: Unitalla<br \/>\nColor : Azul<br \/>\nLargo del pu\u00f1o: 6&#8243; (15 cm)<br \/>\nEmpaque individual: Caballete<\/p>\n<p>Aplicaciones<br \/>\nExcelente desempe\u00f1o y protecci\u00f3n en la industria metalmec\u00e1nica (soldado y formado)<br \/>\nBrindan protecci\u00f3n contra chispas y salpicaduras al soldar<\/p>\n<p>CUIDADOS<br \/>\nTodo equipo de seguridad deber\u00e1 ser inspeccionado antes de utilizarse, para as\u00ed descartar alg\u00fan defecto de fabricaci\u00f3n<br \/>\nEvitar el contacto con aceites y grasas<\/p>\n","protected":false},"excerpt":{"rendered":"<p>Fabricados en carnaza premium Con forro interno de algod\u00f3n, uniones protegidas con carnaza y costuras de hilo kevlar para mayor<\/p>\n","protected":false},"featured_media":76199,"comment_status":"closed","ping_status":"open","template":"","meta":[],"product_brand":[],"product_cat":[23,88],"product_tag":[],"class_list":{"0":"post-4006","1":"product","2":"type-product","3":"status-publish","4":"has-post-thumbnail","6":"product_cat-herramientas","7":"product_cat-proteccion-y-seguridad","9":"first","10":"outofstock","11":"purchasable","12":"product-type-simple"},"jetpack_sharing_enabled":true,"_links":{"self":[{"href":"https:\/\/www.veneciacr.com\/index.php\/wp-json\/wp\/v2\/product\/4006","targetHints":{"allow":["GET"]}}],"collection":[{"href":"https:\/\/www.veneciacr.com\/index.php\/wp-json\/wp\/v2\/product"}],"about":[{"href":"https:\/\/www.veneciacr.com\/index.php\/wp-json\/wp\/v2\/types\/product"}],"replies":[{"embeddable":true,"href":"https:\/\/www.veneciacr.com\/index.php\/wp-json\/wp\/v2\/comments?post=4006"}],"wp:featuredmedia":[{"embeddable":true,"href":"https:\/\/www.veneciacr.com\/index.php\/wp-json\/wp\/v2\/media\/76199"}],"wp:attachment":[{"href":"https:\/\/www.veneciacr.com\/index.php\/wp-json\/wp\/v2\/media?parent=4006"}],"wp:term":[{"taxonomy":"product_brand","embeddable":true,"href":"https:\/\/www.veneciacr.com\/index.php\/wp-json\/wp\/v2\/product_brand?post=4006"},{"taxonomy":"product_cat","embeddable":true,"href":"https:\/\/www.veneciacr.com\/index.php\/wp-json\/wp\/v2\/product_cat?post=4006"},{"taxonomy":"product_tag","embeddable":true,"href":"https:\/\/www.veneciacr.com\/index.php\/wp-json\/wp\/v2\/product_tag?post=4006"}],"curies":[{"name":"wp","href":"https:\/\/api.w.org\/{rel}","templated":true}]}}