{"id":4004,"date":"2026-04-22T02:07:08","date_gmt":"2026-04-22T08:07:08","guid":{"rendered":"http:\/\/34.83.78.142\/index.php\/product\/tapa-rectangular-p-toma-220v-ntp-39ch-50a-aguila\/"},"modified":"2026-04-22T02:07:08","modified_gmt":"2026-04-22T08:07:08","slug":"tapa-rectangular-toma-220v-ntp-39ch-50a-eagle","status":"publish","type":"product","link":"https:\/\/www.veneciacr.com\/index.php\/producto\/tapa-rectangular-toma-220v-ntp-39ch-50a-eagle\/","title":{"rendered":"TAPA RECTANGULAR TOMA 220V NTP-39CH 50A EAGLE"},"content":{"rendered":"<table>\n<tbody>\n<tr>\n<td>F\u00e1cil de Limpiar:<\/td>\n<td align=\"left\">S\u00ed<\/td>\n<td><\/td>\n<td>Tornillos Incluidos:<\/td>\n<td align=\"left\">S\u00ed<\/td>\n<\/tr>\n<tr>\n<td>Cumple con NEMA WD-6:<\/td>\n<td align=\"left\">S\u00ed<\/td>\n<td><\/td>\n<td><\/td>\n<td align=\"left\"><\/td>\n<\/tr>\n<tr>\n<td>Material:<\/td>\n<td align=\"left\">Acero Inoxidable<\/td>\n<td><\/td>\n<td>Modelo:<\/td>\n<td align=\"left\">39CH<\/td>\n<\/tr>\n<tr>\n<td>Capacidad:<\/td>\n<td align=\"left\">30A o 50A<\/td>\n<td><\/td>\n<td>Resistencia:<\/td>\n<td align=\"left\">A Manchas y Huellas de Dedos<\/td>\n<\/tr>\n<tr>\n<td>Registro UL:<\/td>\n<td align=\"left\">E327854<\/td>\n<td><\/td>\n<td>Grado:<\/td>\n<td align=\"left\">Industrial<\/td>\n<\/tr>\n<tr>\n<td>Montaje:<\/td>\n<td align=\"left\">Al Ras<\/td>\n<td><\/td>\n<td>Acabado Superficial:<\/td>\n<td align=\"left\">Rectificado<\/td>\n<\/tr>\n<\/tbody>\n<\/table>\n","protected":false},"excerpt":{"rendered":"<p>F\u00e1cil de Limpiar: S\u00ed Tornillos Incluidos: S\u00ed Cumple con NEMA WD-6: S\u00ed Material: Acero Inoxidable Modelo: 39CH Capacidad: 30A o<\/p>\n","protected":false},"featured_media":88022,"comment_status":"closed","ping_status":"open","template":"","meta":[],"product_brand":[],"product_cat":[80],"product_tag":[],"class_list":{"0":"post-4004","1":"product","2":"type-product","3":"status-publish","4":"has-post-thumbnail","6":"product_cat-electrico","8":"first","9":"instock","10":"purchasable","11":"product-type-simple"},"jetpack_sharing_enabled":true,"_links":{"self":[{"href":"https:\/\/www.veneciacr.com\/index.php\/wp-json\/wp\/v2\/product\/4004","targetHints":{"allow":["GET"]}}],"collection":[{"href":"https:\/\/www.veneciacr.com\/index.php\/wp-json\/wp\/v2\/product"}],"about":[{"href":"https:\/\/www.veneciacr.com\/index.php\/wp-json\/wp\/v2\/types\/product"}],"replies":[{"embeddable":true,"href":"https:\/\/www.veneciacr.com\/index.php\/wp-json\/wp\/v2\/comments?post=4004"}],"wp:featuredmedia":[{"embeddable":true,"href":"https:\/\/www.veneciacr.com\/index.php\/wp-json\/wp\/v2\/media\/88022"}],"wp:attachment":[{"href":"https:\/\/www.veneciacr.com\/index.php\/wp-json\/wp\/v2\/media?parent=4004"}],"wp:term":[{"taxonomy":"product_brand","embeddable":true,"href":"https:\/\/www.veneciacr.com\/index.php\/wp-json\/wp\/v2\/product_brand?post=4004"},{"taxonomy":"product_cat","embeddable":true,"href":"https:\/\/www.veneciacr.com\/index.php\/wp-json\/wp\/v2\/product_cat?post=4004"},{"taxonomy":"product_tag","embeddable":true,"href":"https:\/\/www.veneciacr.com\/index.php\/wp-json\/wp\/v2\/product_tag?post=4004"}],"curies":[{"name":"wp","href":"https:\/\/api.w.org\/{rel}","templated":true}]}}