{"id":388,"date":"2026-04-21T06:31:18","date_gmt":"2026-04-21T12:31:18","guid":{"rendered":"http:\/\/34.83.78.142\/index.php\/product\/lapiz-magnetico-pick-up-truper\/"},"modified":"2026-04-21T06:31:19","modified_gmt":"2026-04-21T12:31:19","slug":"lapiz-magnetico-pick-up-truper","status":"publish","type":"product","link":"https:\/\/www.veneciacr.com\/index.php\/producto\/lapiz-magnetico-pick-up-truper\/","title":{"rendered":"LAPIZ MAGNETICO PICK-UP TRUPER"},"content":{"rendered":"<p>Capacidad de levante 1.5 kg<br \/>\nExtensi\u00f3n m\u00ednima 118 mm<br \/>\nExtensi\u00f3n m\u00e1xima 630 mm<br \/>\nPeso 24.5 g<br \/>\nEmpaque Blister<\/p>\n<p>CARACTER\u00cdSTICAS<br \/>\nExtensi\u00f3n tipo antena fabricada en lat\u00f3n<br \/>\nClip tipo bol\u00edgrafo<\/p>\n<p>USOS<br \/>\nMec\u00e1nica automotriz<br \/>\nIdeal para recuperar objetos de metal en zonas estrechas<\/p>\n","protected":false},"excerpt":{"rendered":"<p>Capacidad de levante 1.5 kg Extensi\u00f3n m\u00ednima 118 mm Extensi\u00f3n m\u00e1xima 630 mm Peso 24.5 g Empaque Blister CARACTER\u00cdSTICAS Extensi\u00f3n<\/p>\n","protected":false},"featured_media":73962,"comment_status":"closed","ping_status":"open","template":"","meta":[],"product_brand":[],"product_cat":[15],"product_tag":[],"class_list":{"0":"post-388","1":"product","2":"type-product","3":"status-publish","4":"has-post-thumbnail","6":"product_cat-uncategorized","8":"first","9":"outofstock","10":"purchasable","11":"product-type-simple"},"jetpack_sharing_enabled":true,"_links":{"self":[{"href":"https:\/\/www.veneciacr.com\/index.php\/wp-json\/wp\/v2\/product\/388","targetHints":{"allow":["GET"]}}],"collection":[{"href":"https:\/\/www.veneciacr.com\/index.php\/wp-json\/wp\/v2\/product"}],"about":[{"href":"https:\/\/www.veneciacr.com\/index.php\/wp-json\/wp\/v2\/types\/product"}],"replies":[{"embeddable":true,"href":"https:\/\/www.veneciacr.com\/index.php\/wp-json\/wp\/v2\/comments?post=388"}],"wp:featuredmedia":[{"embeddable":true,"href":"https:\/\/www.veneciacr.com\/index.php\/wp-json\/wp\/v2\/media\/73962"}],"wp:attachment":[{"href":"https:\/\/www.veneciacr.com\/index.php\/wp-json\/wp\/v2\/media?parent=388"}],"wp:term":[{"taxonomy":"product_brand","embeddable":true,"href":"https:\/\/www.veneciacr.com\/index.php\/wp-json\/wp\/v2\/product_brand?post=388"},{"taxonomy":"product_cat","embeddable":true,"href":"https:\/\/www.veneciacr.com\/index.php\/wp-json\/wp\/v2\/product_cat?post=388"},{"taxonomy":"product_tag","embeddable":true,"href":"https:\/\/www.veneciacr.com\/index.php\/wp-json\/wp\/v2\/product_tag?post=388"}],"curies":[{"name":"wp","href":"https:\/\/api.w.org\/{rel}","templated":true}]}}