{"id":3857,"date":"2026-04-21T04:51:52","date_gmt":"2026-04-21T10:51:52","guid":{"rendered":"http:\/\/34.83.78.142\/index.php\/product\/sargento-36-aper-max-90cm-s3-truper\/"},"modified":"2026-04-21T04:51:52","modified_gmt":"2026-04-21T10:51:52","slug":"sargento-36-aper-max-90cm-s3-truper","status":"publish","type":"product","link":"https:\/\/www.veneciacr.com\/index.php\/producto\/sargento-36-aper-max-90cm-s3-truper\/","title":{"rendered":"SARGENTO 36&#8243; APER MAX 90CM S3 TRUPER"},"content":{"rendered":"<p>SARGENTO 36&#8243; APER MAX 90CM S3 TRUPER<\/p>\n<p>CARACTER\u00cdSTICAS<br \/>\nBarra fabricada en solera de acero<br \/>\nMordazas y base del tornillo fabricadas en hierro nodular de alta resistencia<br \/>\nPermite mayor tensi\u00f3n sin deformaci\u00f3n<br \/>\nBarra y mordazas m\u00e1s robustas, permiten mayor tensi\u00f3n sin deformaci\u00f3n<\/p>\n<p>ESPECIFICACIONES<br \/>\nApertura m\u00e1xima 36&#8243; (91 cm)<br \/>\nLongitud 44&#8243; (112 cm)<\/p>\n","protected":false},"excerpt":{"rendered":"<p>SARGENTO 36&#8243; APER MAX 90CM S3 TRUPER CARACTER\u00cdSTICAS Barra fabricada en solera de acero Mordazas y base del tornillo fabricadas<\/p>\n","protected":false},"featured_media":76062,"comment_status":"closed","ping_status":"open","template":"","meta":[],"product_brand":[],"product_cat":[15],"product_tag":[],"class_list":{"0":"post-3857","1":"product","2":"type-product","3":"status-publish","4":"has-post-thumbnail","6":"product_cat-uncategorized","8":"first","9":"instock","10":"purchasable","11":"product-type-simple"},"jetpack_sharing_enabled":true,"_links":{"self":[{"href":"https:\/\/www.veneciacr.com\/index.php\/wp-json\/wp\/v2\/product\/3857","targetHints":{"allow":["GET"]}}],"collection":[{"href":"https:\/\/www.veneciacr.com\/index.php\/wp-json\/wp\/v2\/product"}],"about":[{"href":"https:\/\/www.veneciacr.com\/index.php\/wp-json\/wp\/v2\/types\/product"}],"replies":[{"embeddable":true,"href":"https:\/\/www.veneciacr.com\/index.php\/wp-json\/wp\/v2\/comments?post=3857"}],"wp:featuredmedia":[{"embeddable":true,"href":"https:\/\/www.veneciacr.com\/index.php\/wp-json\/wp\/v2\/media\/76062"}],"wp:attachment":[{"href":"https:\/\/www.veneciacr.com\/index.php\/wp-json\/wp\/v2\/media?parent=3857"}],"wp:term":[{"taxonomy":"product_brand","embeddable":true,"href":"https:\/\/www.veneciacr.com\/index.php\/wp-json\/wp\/v2\/product_brand?post=3857"},{"taxonomy":"product_cat","embeddable":true,"href":"https:\/\/www.veneciacr.com\/index.php\/wp-json\/wp\/v2\/product_cat?post=3857"},{"taxonomy":"product_tag","embeddable":true,"href":"https:\/\/www.veneciacr.com\/index.php\/wp-json\/wp\/v2\/product_tag?post=3857"}],"curies":[{"name":"wp","href":"https:\/\/api.w.org\/{rel}","templated":true}]}}