{"id":3801,"date":"2026-04-21T04:54:16","date_gmt":"2026-04-21T10:54:16","guid":{"rendered":"http:\/\/34.83.78.142\/index.php\/product\/disco-de-sierra-10-60d-5-8-st-1060-truper\/"},"modified":"2026-04-21T04:54:16","modified_gmt":"2026-04-21T10:54:16","slug":"disco-sierra-10-60d-5-8-st-1060-truper","status":"publish","type":"product","link":"https:\/\/www.veneciacr.com\/index.php\/producto\/disco-sierra-10-60d-5-8-st-1060-truper\/","title":{"rendered":"DISCO SIERRA 10&#8243; 60D 5\/8&#8243; ST-1060 TRUPER"},"content":{"rendered":"<p>Di\u00e1metro 10&#8243; (254mm)<br \/>\nCentro 5\/8&#8243; (15.8mm)<br \/>\nN\u00famero de dientes 60<br \/>\nVelocidad m\u00e1xima 7,500 rpm<br \/>\nEmpaque Estuche pl\u00e1stico<\/p>\n<p>CARACTER\u00cdSTICAS<br \/>\nCuerpo de acero con tratamiento t\u00e9rmico y dientes de carburo de tungsteno, balanceado para mayor estabilidad<br \/>\nDientes con biselado alterno (un diente hacia la derecha y otro a la izquierda)<br \/>\nSoldadura de alta frecuencia mejorada que evita el desprendimiento de los insertos de carburo<br \/>\nRanuras de expansi\u00f3n que reducen la vibraci\u00f3n, el sonido y la generaci\u00f3n de calor<\/p>\n<p>USOS<br \/>\nPara cortes transversales y longitudinales de madera<br \/>\nPara sierras de inglete port\u00e1tiles y de mesa<\/p>\n","protected":false},"excerpt":{"rendered":"<p>Di\u00e1metro 10&#8243; (254mm) Centro 5\/8&#8243; (15.8mm) N\u00famero de dientes 60 Velocidad m\u00e1xima 7,500 rpm Empaque Estuche pl\u00e1stico CARACTER\u00cdSTICAS Cuerpo de<\/p>\n","protected":false},"featured_media":76030,"comment_status":"closed","ping_status":"open","template":"","meta":[],"product_brand":[],"product_cat":[86,23],"product_tag":[],"class_list":{"0":"post-3801","1":"product","2":"type-product","3":"status-publish","4":"has-post-thumbnail","6":"product_cat-accesorios-para-herramientas-electricas","7":"product_cat-herramientas","9":"first","10":"outofstock","11":"purchasable","12":"product-type-simple"},"jetpack_sharing_enabled":true,"_links":{"self":[{"href":"https:\/\/www.veneciacr.com\/index.php\/wp-json\/wp\/v2\/product\/3801","targetHints":{"allow":["GET"]}}],"collection":[{"href":"https:\/\/www.veneciacr.com\/index.php\/wp-json\/wp\/v2\/product"}],"about":[{"href":"https:\/\/www.veneciacr.com\/index.php\/wp-json\/wp\/v2\/types\/product"}],"replies":[{"embeddable":true,"href":"https:\/\/www.veneciacr.com\/index.php\/wp-json\/wp\/v2\/comments?post=3801"}],"wp:featuredmedia":[{"embeddable":true,"href":"https:\/\/www.veneciacr.com\/index.php\/wp-json\/wp\/v2\/media\/76030"}],"wp:attachment":[{"href":"https:\/\/www.veneciacr.com\/index.php\/wp-json\/wp\/v2\/media?parent=3801"}],"wp:term":[{"taxonomy":"product_brand","embeddable":true,"href":"https:\/\/www.veneciacr.com\/index.php\/wp-json\/wp\/v2\/product_brand?post=3801"},{"taxonomy":"product_cat","embeddable":true,"href":"https:\/\/www.veneciacr.com\/index.php\/wp-json\/wp\/v2\/product_cat?post=3801"},{"taxonomy":"product_tag","embeddable":true,"href":"https:\/\/www.veneciacr.com\/index.php\/wp-json\/wp\/v2\/product_tag?post=3801"}],"curies":[{"name":"wp","href":"https:\/\/api.w.org\/{rel}","templated":true}]}}