{"id":3795,"date":"2026-04-30T02:10:38","date_gmt":"2026-04-30T08:10:38","guid":{"rendered":"http:\/\/34.83.78.142\/index.php\/product\/jgo-cortatubo-avellanador-jca-3-truper\/"},"modified":"2026-04-30T02:10:38","modified_gmt":"2026-04-30T08:10:38","slug":"set-cortatubo-avellanador-jca-3-truper","status":"publish","type":"product","link":"https:\/\/www.veneciacr.com\/index.php\/producto\/set-cortatubo-avellanador-jca-3-truper\/","title":{"rendered":"SET CORTATUBO AVELLANADOR JCA-3 TRUPER"},"content":{"rendered":"<p>Para cortar y avellanar materiales suaves como aluminio, lat\u00f3n y cobre<br \/>\nEstuche pl\u00e1stico para transportar la herramienta<br \/>\nAluminio<br \/>\nLat\u00f3n<br \/>\nCobre<\/p>\n<p>ESPECIFICACIONES<br \/>\nCapacidad (cortador de tubo): 1\/8&#8243; &#8211; 1 1\/8&#8243; (3-29mm)<br \/>\nEmpaque individual: Estuche pl\u00e1stico<br \/>\n3\/16&#8243; (4.7mm):<br \/>\n1\/4&#8243; (6.3mm):<br \/>\n5\/16&#8243; (7.9mm):<br \/>\n3\/8&#8243; (9.5mm):<br \/>\n7\/16&#8243; (11.1mm):<br \/>\n1\/2&#8243; (12.7mm):<br \/>\n5\/8&#8243; (15.8mm):<br \/>\n1 Avellanador modelo JAV-7<br \/>\n1 Cortador de tubo modelo COT-30X<br \/>\n1 Mordaza de avellanador<\/p>\n","protected":false},"excerpt":{"rendered":"<p>Para cortar y avellanar materiales suaves como aluminio, lat\u00f3n y cobre Estuche pl\u00e1stico para transportar la herramienta Aluminio Lat\u00f3n Cobre<\/p>\n","protected":false},"featured_media":76027,"comment_status":"closed","ping_status":"open","template":"","meta":[],"product_brand":[],"product_cat":[15],"product_tag":[],"class_list":{"0":"post-3795","1":"product","2":"type-product","3":"status-publish","4":"has-post-thumbnail","6":"product_cat-uncategorized","8":"first","9":"instock","10":"purchasable","11":"product-type-simple"},"jetpack_sharing_enabled":true,"_links":{"self":[{"href":"https:\/\/www.veneciacr.com\/index.php\/wp-json\/wp\/v2\/product\/3795","targetHints":{"allow":["GET"]}}],"collection":[{"href":"https:\/\/www.veneciacr.com\/index.php\/wp-json\/wp\/v2\/product"}],"about":[{"href":"https:\/\/www.veneciacr.com\/index.php\/wp-json\/wp\/v2\/types\/product"}],"replies":[{"embeddable":true,"href":"https:\/\/www.veneciacr.com\/index.php\/wp-json\/wp\/v2\/comments?post=3795"}],"wp:featuredmedia":[{"embeddable":true,"href":"https:\/\/www.veneciacr.com\/index.php\/wp-json\/wp\/v2\/media\/76027"}],"wp:attachment":[{"href":"https:\/\/www.veneciacr.com\/index.php\/wp-json\/wp\/v2\/media?parent=3795"}],"wp:term":[{"taxonomy":"product_brand","embeddable":true,"href":"https:\/\/www.veneciacr.com\/index.php\/wp-json\/wp\/v2\/product_brand?post=3795"},{"taxonomy":"product_cat","embeddable":true,"href":"https:\/\/www.veneciacr.com\/index.php\/wp-json\/wp\/v2\/product_cat?post=3795"},{"taxonomy":"product_tag","embeddable":true,"href":"https:\/\/www.veneciacr.com\/index.php\/wp-json\/wp\/v2\/product_tag?post=3795"}],"curies":[{"name":"wp","href":"https:\/\/api.w.org\/{rel}","templated":true}]}}