{"id":3756,"date":"2026-04-21T04:55:01","date_gmt":"2026-04-21T10:55:01","guid":{"rendered":"http:\/\/34.83.78.142\/index.php\/product\/sonda-electrica-15m-guia-15-truper\/"},"modified":"2026-04-21T04:55:01","modified_gmt":"2026-04-21T10:55:01","slug":"sonda-electrica-15m-guia-15-truper","status":"publish","type":"product","link":"https:\/\/www.veneciacr.com\/index.php\/producto\/sonda-electrica-15m-guia-15-truper\/","title":{"rendered":"SONDA ELECTRICA 15M GUIA-15 TRUPER"},"content":{"rendered":"<p>SONDA ELECTRICA 15M GUIA-15 TRUPER<\/p>\n<p>ESPECIFICACIONES<br \/>\nLongitud 15 m<br \/>\nEspesor de la gu\u00eda 1.5 mm<br \/>\nDureza de la gu\u00eda 48 HRc<br \/>\nEmpaque Caballete<\/p>\n<p>CARACTER\u00cdSTICAS<br \/>\nGu\u00eda fabricada en acero SK5 de mayor extensi\u00f3n y f\u00e1cil arrastre<br \/>\nCuerpo de polipropileno m\u00e1s resistente al impacto, con textura antiderrapante<br \/>\nMango ergon\u00f3mico<\/p>\n<p>USOS<br \/>\nPara jalar cables el\u00e9ctricos y de telecomunicaciones en ductos de instalaci\u00f3n<\/p>\n","protected":false},"excerpt":{"rendered":"<p>SONDA ELECTRICA 15M GUIA-15 TRUPER ESPECIFICACIONES Longitud 15 m Espesor de la gu\u00eda 1.5 mm Dureza de la gu\u00eda 48<\/p>\n","protected":false},"featured_media":76000,"comment_status":"closed","ping_status":"open","template":"","meta":[],"product_brand":[],"product_cat":[15],"product_tag":[],"class_list":{"0":"post-3756","1":"product","2":"type-product","3":"status-publish","4":"has-post-thumbnail","6":"product_cat-uncategorized","8":"first","9":"instock","10":"purchasable","11":"product-type-simple"},"jetpack_sharing_enabled":true,"_links":{"self":[{"href":"https:\/\/www.veneciacr.com\/index.php\/wp-json\/wp\/v2\/product\/3756","targetHints":{"allow":["GET"]}}],"collection":[{"href":"https:\/\/www.veneciacr.com\/index.php\/wp-json\/wp\/v2\/product"}],"about":[{"href":"https:\/\/www.veneciacr.com\/index.php\/wp-json\/wp\/v2\/types\/product"}],"replies":[{"embeddable":true,"href":"https:\/\/www.veneciacr.com\/index.php\/wp-json\/wp\/v2\/comments?post=3756"}],"wp:featuredmedia":[{"embeddable":true,"href":"https:\/\/www.veneciacr.com\/index.php\/wp-json\/wp\/v2\/media\/76000"}],"wp:attachment":[{"href":"https:\/\/www.veneciacr.com\/index.php\/wp-json\/wp\/v2\/media?parent=3756"}],"wp:term":[{"taxonomy":"product_brand","embeddable":true,"href":"https:\/\/www.veneciacr.com\/index.php\/wp-json\/wp\/v2\/product_brand?post=3756"},{"taxonomy":"product_cat","embeddable":true,"href":"https:\/\/www.veneciacr.com\/index.php\/wp-json\/wp\/v2\/product_cat?post=3756"},{"taxonomy":"product_tag","embeddable":true,"href":"https:\/\/www.veneciacr.com\/index.php\/wp-json\/wp\/v2\/product_tag?post=3756"}],"curies":[{"name":"wp","href":"https:\/\/api.w.org\/{rel}","templated":true}]}}