{"id":3678,"date":"2026-04-21T04:58:09","date_gmt":"2026-04-21T10:58:09","guid":{"rendered":"http:\/\/34.83.78.142\/index.php\/product\/cinta-precaucion-amarilla-305m-ban-pre-1000-truper\/"},"modified":"2026-04-21T04:58:10","modified_gmt":"2026-04-21T10:58:10","slug":"cinta-precaucion-amarilla-304m-cide-301-truper","status":"publish","type":"product","link":"https:\/\/www.veneciacr.com\/index.php\/producto\/cinta-precaucion-amarilla-304m-cide-301-truper\/","title":{"rendered":"CINTA PRECAUCION AMARILLA 304M CIDE-301 TRUPER"},"content":{"rendered":"<p>Fabricada en polietileno<br \/>\nAlta resistencia a la fricci\u00f3n<br \/>\nElongaci\u00f3n de 400% antes de romperse<br \/>\nLeyenda de &#8220;PRECAUCI\u00d3N&#8221;<\/p>\n<p>ESPECIFICACIONES<br \/>\nColor: Amarillo<br \/>\nLongitud: 304.8 m (1 000 ft)<br \/>\nAncho: 75 mm (3&#8243;)<br \/>\nEspesor: 0.04 mm<br \/>\nEmpaque individual: Termoencogible<\/p>\n","protected":false},"excerpt":{"rendered":"<p>Fabricada en polietileno Alta resistencia a la fricci\u00f3n Elongaci\u00f3n de 400% antes de romperse Leyenda de &#8220;PRECAUCI\u00d3N&#8221; ESPECIFICACIONES Color: Amarillo<\/p>\n","protected":false},"featured_media":75940,"comment_status":"closed","ping_status":"open","template":"","meta":[],"product_brand":[],"product_cat":[23,88],"product_tag":[],"class_list":{"0":"post-3678","1":"product","2":"type-product","3":"status-publish","4":"has-post-thumbnail","6":"product_cat-herramientas","7":"product_cat-proteccion-y-seguridad","9":"first","10":"instock","11":"purchasable","12":"product-type-simple"},"jetpack_sharing_enabled":true,"_links":{"self":[{"href":"https:\/\/www.veneciacr.com\/index.php\/wp-json\/wp\/v2\/product\/3678","targetHints":{"allow":["GET"]}}],"collection":[{"href":"https:\/\/www.veneciacr.com\/index.php\/wp-json\/wp\/v2\/product"}],"about":[{"href":"https:\/\/www.veneciacr.com\/index.php\/wp-json\/wp\/v2\/types\/product"}],"replies":[{"embeddable":true,"href":"https:\/\/www.veneciacr.com\/index.php\/wp-json\/wp\/v2\/comments?post=3678"}],"wp:featuredmedia":[{"embeddable":true,"href":"https:\/\/www.veneciacr.com\/index.php\/wp-json\/wp\/v2\/media\/75940"}],"wp:attachment":[{"href":"https:\/\/www.veneciacr.com\/index.php\/wp-json\/wp\/v2\/media?parent=3678"}],"wp:term":[{"taxonomy":"product_brand","embeddable":true,"href":"https:\/\/www.veneciacr.com\/index.php\/wp-json\/wp\/v2\/product_brand?post=3678"},{"taxonomy":"product_cat","embeddable":true,"href":"https:\/\/www.veneciacr.com\/index.php\/wp-json\/wp\/v2\/product_cat?post=3678"},{"taxonomy":"product_tag","embeddable":true,"href":"https:\/\/www.veneciacr.com\/index.php\/wp-json\/wp\/v2\/product_tag?post=3678"}],"curies":[{"name":"wp","href":"https:\/\/api.w.org\/{rel}","templated":true}]}}