{"id":3676,"date":"2026-04-21T04:58:09","date_gmt":"2026-04-21T10:58:09","guid":{"rendered":"http:\/\/34.83.78.142\/index.php\/product\/set-accesorios-neumatico-17pzs-jan-17-truper-19022\/"},"modified":"2026-04-21T04:58:11","modified_gmt":"2026-04-21T10:58:11","slug":"set-accesorios-neumatico-17pzs-jan-17-truper","status":"publish","type":"product","link":"https:\/\/www.veneciacr.com\/index.php\/producto\/set-accesorios-neumatico-17pzs-jan-17-truper\/","title":{"rendered":"SET ACCESORIOS NEUMATICO 17PZS JAN-17 TRUPER"},"content":{"rendered":"<p>Pistola fabricada en zamac con gatillo cubierto de vinil<br \/>\nDise\u00f1o con gancho para colgar<br \/>\n19079-01<br \/>\nPara conexi\u00f3n r\u00e1pida de 1\/4 NPT<\/p>\n<p>ESPECIFICACIONES<br \/>\nPresi\u00f3n m\u00e1xima de operaci\u00f3n 120 PSI<br \/>\nEntrada 1\/4 NPT<br \/>\nPeso total 358 g<\/p>\n<p>APLICACIONES<br \/>\nPara limpiar, inflar y calibrar<\/p>\n","protected":false},"excerpt":{"rendered":"<p>Pistola fabricada en zamac con gatillo cubierto de vinil Dise\u00f1o con gancho para colgar 19079-01 Para conexi\u00f3n r\u00e1pida de 1\/4<\/p>\n","protected":false},"featured_media":75939,"comment_status":"closed","ping_status":"open","template":"","meta":[],"product_brand":[],"product_cat":[15],"product_tag":[],"class_list":{"0":"post-3676","1":"product","2":"type-product","3":"status-publish","4":"has-post-thumbnail","6":"product_cat-uncategorized","8":"first","9":"instock","10":"purchasable","11":"product-type-simple"},"jetpack_sharing_enabled":true,"_links":{"self":[{"href":"https:\/\/www.veneciacr.com\/index.php\/wp-json\/wp\/v2\/product\/3676","targetHints":{"allow":["GET"]}}],"collection":[{"href":"https:\/\/www.veneciacr.com\/index.php\/wp-json\/wp\/v2\/product"}],"about":[{"href":"https:\/\/www.veneciacr.com\/index.php\/wp-json\/wp\/v2\/types\/product"}],"replies":[{"embeddable":true,"href":"https:\/\/www.veneciacr.com\/index.php\/wp-json\/wp\/v2\/comments?post=3676"}],"wp:featuredmedia":[{"embeddable":true,"href":"https:\/\/www.veneciacr.com\/index.php\/wp-json\/wp\/v2\/media\/75939"}],"wp:attachment":[{"href":"https:\/\/www.veneciacr.com\/index.php\/wp-json\/wp\/v2\/media?parent=3676"}],"wp:term":[{"taxonomy":"product_brand","embeddable":true,"href":"https:\/\/www.veneciacr.com\/index.php\/wp-json\/wp\/v2\/product_brand?post=3676"},{"taxonomy":"product_cat","embeddable":true,"href":"https:\/\/www.veneciacr.com\/index.php\/wp-json\/wp\/v2\/product_cat?post=3676"},{"taxonomy":"product_tag","embeddable":true,"href":"https:\/\/www.veneciacr.com\/index.php\/wp-json\/wp\/v2\/product_tag?post=3676"}],"curies":[{"name":"wp","href":"https:\/\/api.w.org\/{rel}","templated":true}]}}