{"id":3542,"date":"2026-04-21T04:59:48","date_gmt":"2026-04-21T10:59:48","guid":{"rendered":"http:\/\/34.83.78.142\/index.php\/product\/conector-macho-manguera-1-2-metal-cm-1-2b-truper\/"},"modified":"2026-04-21T04:59:48","modified_gmt":"2026-04-21T10:59:48","slug":"conector-macho-manguera-1-2-metal-cm-1-2b-truper","status":"publish","type":"product","link":"https:\/\/www.veneciacr.com\/index.php\/producto\/conector-macho-manguera-1-2-metal-cm-1-2b-truper\/","title":{"rendered":"CONECTOR MACHO MANGUERA 1\/2&#8243; METAL CM-1\/2B TRUPER"},"content":{"rendered":"<p>Tipo Macho<br \/>\nConexi\u00f3n 3\/4 &#8211; 11.5 NH<br \/>\nEntrada 1\/2&#8243; (12.7mm)<br \/>\nPeso 30 g<br \/>\nEmpaque Blister<\/p>\n<p>CARACTER\u00cdSTICAS<br \/>\nFabricado en lat\u00f3n s\u00f3lido<br \/>\nEstriado rectificado de ajuste perfecto<\/p>\n<p>USOS<br \/>\nJardiner\u00eda, para reparar mangueras<\/p>\n","protected":false},"excerpt":{"rendered":"<p>Tipo Macho Conexi\u00f3n 3\/4 &#8211; 11.5 NH Entrada 1\/2&#8243; (12.7mm) Peso 30 g Empaque Blister CARACTER\u00cdSTICAS Fabricado en lat\u00f3n s\u00f3lido<\/p>\n","protected":false},"featured_media":75843,"comment_status":"closed","ping_status":"open","template":"","meta":[],"product_brand":[],"product_cat":[15],"product_tag":[],"class_list":{"0":"post-3542","1":"product","2":"type-product","3":"status-publish","4":"has-post-thumbnail","6":"product_cat-uncategorized","8":"first","9":"instock","10":"purchasable","11":"product-type-simple"},"jetpack_sharing_enabled":true,"_links":{"self":[{"href":"https:\/\/www.veneciacr.com\/index.php\/wp-json\/wp\/v2\/product\/3542","targetHints":{"allow":["GET"]}}],"collection":[{"href":"https:\/\/www.veneciacr.com\/index.php\/wp-json\/wp\/v2\/product"}],"about":[{"href":"https:\/\/www.veneciacr.com\/index.php\/wp-json\/wp\/v2\/types\/product"}],"replies":[{"embeddable":true,"href":"https:\/\/www.veneciacr.com\/index.php\/wp-json\/wp\/v2\/comments?post=3542"}],"wp:featuredmedia":[{"embeddable":true,"href":"https:\/\/www.veneciacr.com\/index.php\/wp-json\/wp\/v2\/media\/75843"}],"wp:attachment":[{"href":"https:\/\/www.veneciacr.com\/index.php\/wp-json\/wp\/v2\/media?parent=3542"}],"wp:term":[{"taxonomy":"product_brand","embeddable":true,"href":"https:\/\/www.veneciacr.com\/index.php\/wp-json\/wp\/v2\/product_brand?post=3542"},{"taxonomy":"product_cat","embeddable":true,"href":"https:\/\/www.veneciacr.com\/index.php\/wp-json\/wp\/v2\/product_cat?post=3542"},{"taxonomy":"product_tag","embeddable":true,"href":"https:\/\/www.veneciacr.com\/index.php\/wp-json\/wp\/v2\/product_tag?post=3542"}],"curies":[{"name":"wp","href":"https:\/\/api.w.org\/{rel}","templated":true}]}}