{"id":3535,"date":"2026-04-21T04:59:58","date_gmt":"2026-04-21T10:59:58","guid":{"rendered":"http:\/\/34.83.78.142\/index.php\/product\/broca-p-metal-cobalto-21-64-bav-21-64-truper\/"},"modified":"2026-04-21T05:00:00","modified_gmt":"2026-04-21T11:00:00","slug":"broca-metal-cobalto-21-64-bav-21-64-truper","status":"publish","type":"product","link":"https:\/\/www.veneciacr.com\/index.php\/producto\/broca-metal-cobalto-21-64-bav-21-64-truper\/","title":{"rendered":"BROCA METAL COBALTO 21\/64&#8243; BAV-21\/64 TRUPER"},"content":{"rendered":"<p>Punta Split Point autocentrable para perforaciones m\u00e1s r\u00e1pidas y precisas<\/p>\n<p>Fabricada en acero M2, 3X mayor vida \u00fatil que las brocas de \u00f3xido negro<\/p>\n<p>\u00c1ngulo de punta 135\u00b0<\/p>\n<p>Di\u00e1metro marcado en l\u00e1ser para f\u00e1cil identificaci\u00f3n<\/p>\n","protected":false},"excerpt":{"rendered":"<p>Punta Split Point autocentrable para perforaciones m\u00e1s r\u00e1pidas y precisas Fabricada en acero M2, 3X mayor vida \u00fatil que las<\/p>\n","protected":false},"featured_media":73781,"comment_status":"closed","ping_status":"open","template":"","meta":[],"product_brand":[],"product_cat":[86,23],"product_tag":[],"class_list":{"0":"post-3535","1":"product","2":"type-product","3":"status-publish","4":"has-post-thumbnail","6":"product_cat-accesorios-para-herramientas-electricas","7":"product_cat-herramientas","9":"first","10":"instock","11":"purchasable","12":"product-type-simple"},"jetpack_sharing_enabled":true,"_links":{"self":[{"href":"https:\/\/www.veneciacr.com\/index.php\/wp-json\/wp\/v2\/product\/3535","targetHints":{"allow":["GET"]}}],"collection":[{"href":"https:\/\/www.veneciacr.com\/index.php\/wp-json\/wp\/v2\/product"}],"about":[{"href":"https:\/\/www.veneciacr.com\/index.php\/wp-json\/wp\/v2\/types\/product"}],"replies":[{"embeddable":true,"href":"https:\/\/www.veneciacr.com\/index.php\/wp-json\/wp\/v2\/comments?post=3535"}],"wp:featuredmedia":[{"embeddable":true,"href":"https:\/\/www.veneciacr.com\/index.php\/wp-json\/wp\/v2\/media\/73781"}],"wp:attachment":[{"href":"https:\/\/www.veneciacr.com\/index.php\/wp-json\/wp\/v2\/media?parent=3535"}],"wp:term":[{"taxonomy":"product_brand","embeddable":true,"href":"https:\/\/www.veneciacr.com\/index.php\/wp-json\/wp\/v2\/product_brand?post=3535"},{"taxonomy":"product_cat","embeddable":true,"href":"https:\/\/www.veneciacr.com\/index.php\/wp-json\/wp\/v2\/product_cat?post=3535"},{"taxonomy":"product_tag","embeddable":true,"href":"https:\/\/www.veneciacr.com\/index.php\/wp-json\/wp\/v2\/product_tag?post=3535"}],"curies":[{"name":"wp","href":"https:\/\/api.w.org\/{rel}","templated":true}]}}