{"id":3529,"date":"2026-04-21T05:02:02","date_gmt":"2026-04-21T11:02:02","guid":{"rendered":"http:\/\/34.83.78.142\/index.php\/product\/pie-de-rey-6-cal-6mp-truper\/"},"modified":"2026-04-21T05:02:04","modified_gmt":"2026-04-21T11:02:04","slug":"pie-rey-6-cal-6mp-truper","status":"publish","type":"product","link":"https:\/\/www.veneciacr.com\/index.php\/producto\/pie-rey-6-cal-6mp-truper\/","title":{"rendered":"PIE REY 6&#8243; CAL-6MP TRUPER"},"content":{"rendered":"<p>Fabricado en acero inoxidable<br \/>\nPerilla de fijaci\u00f3n<br \/>\nControl de ajuste manual<br \/>\nDi\u00e1metro externo<br \/>\nDi\u00e1metro interno<br \/>\nProfundidad<\/p>\n<p>NORMA<br \/>\nExcede las normas: DIN 862 \/ Federal NMX-CH-2-1993-SCFI<\/p>\n<p>ESPECIFICACIONES<\/p>\n<p>Tolerancia: 0.002&#8243; \/ 0.05 mm<br \/>\nCapacidad m\u00e1xima: 6&#8243; \/ 150 mm<br \/>\nCapacidad m\u00ednima: 0.001&#8243; \/ 0.02 mm<br \/>\nLongitud total: 230 mm<br \/>\nAncho de la bayoneta: 3 mm<br \/>\nEmpaque individual: Bl\u00edster<\/p>\n","protected":false},"excerpt":{"rendered":"<p>Fabricado en acero inoxidable Perilla de fijaci\u00f3n Control de ajuste manual Di\u00e1metro externo Di\u00e1metro interno Profundidad NORMA Excede las normas:<\/p>\n","protected":false},"featured_media":75832,"comment_status":"closed","ping_status":"open","template":"","meta":[],"product_brand":[],"product_cat":[15],"product_tag":[],"class_list":{"0":"post-3529","1":"product","2":"type-product","3":"status-publish","4":"has-post-thumbnail","6":"product_cat-uncategorized","8":"first","9":"outofstock","10":"purchasable","11":"product-type-simple"},"jetpack_sharing_enabled":true,"_links":{"self":[{"href":"https:\/\/www.veneciacr.com\/index.php\/wp-json\/wp\/v2\/product\/3529","targetHints":{"allow":["GET"]}}],"collection":[{"href":"https:\/\/www.veneciacr.com\/index.php\/wp-json\/wp\/v2\/product"}],"about":[{"href":"https:\/\/www.veneciacr.com\/index.php\/wp-json\/wp\/v2\/types\/product"}],"replies":[{"embeddable":true,"href":"https:\/\/www.veneciacr.com\/index.php\/wp-json\/wp\/v2\/comments?post=3529"}],"wp:featuredmedia":[{"embeddable":true,"href":"https:\/\/www.veneciacr.com\/index.php\/wp-json\/wp\/v2\/media\/75832"}],"wp:attachment":[{"href":"https:\/\/www.veneciacr.com\/index.php\/wp-json\/wp\/v2\/media?parent=3529"}],"wp:term":[{"taxonomy":"product_brand","embeddable":true,"href":"https:\/\/www.veneciacr.com\/index.php\/wp-json\/wp\/v2\/product_brand?post=3529"},{"taxonomy":"product_cat","embeddable":true,"href":"https:\/\/www.veneciacr.com\/index.php\/wp-json\/wp\/v2\/product_cat?post=3529"},{"taxonomy":"product_tag","embeddable":true,"href":"https:\/\/www.veneciacr.com\/index.php\/wp-json\/wp\/v2\/product_tag?post=3529"}],"curies":[{"name":"wp","href":"https:\/\/api.w.org\/{rel}","templated":true}]}}