{"id":3291,"date":"2026-04-30T02:11:20","date_gmt":"2026-04-30T08:11:20","guid":{"rendered":"http:\/\/34.83.78.142\/index.php\/product\/sargento-60-aper-max-150cm-s5-truper\/"},"modified":"2026-04-30T02:11:20","modified_gmt":"2026-04-30T08:11:20","slug":"sargento-60-aper-max-150cm-s5-truper","status":"publish","type":"product","link":"https:\/\/www.veneciacr.com\/index.php\/producto\/sargento-60-aper-max-150cm-s5-truper\/","title":{"rendered":"SARGENTO 60&#8243; APER MAX 150CM S5 TRUPER"},"content":{"rendered":"<p>SARGENTO 60&#8243; APER MAX 150CM S5 TRUPER<\/p>\n<p>ESPECIFICACIONES<br \/>\nApertura m\u00e1xima 60&#8243; (152.4cm)<br \/>\nLongitud 68&#8243; (172.7cm)<br \/>\nDimensiones de caras 4.7 x 5.9 cm<br \/>\nPeso 4.8 kg<br \/>\nEmpaque Granel<\/p>\n<p>CARACTER\u00cdSTICAS<br \/>\nBarra fabricada en solera de acero<br \/>\nMordazas y base del tornillo fabricadas en hierro nodular de alta resistencia<br \/>\nTornillo con cuerda m\u00e1s gruesa para ejercer mayor presi\u00f3n<br \/>\nBarra y mordazas m\u00e1s robustas, permiten mayor tensi\u00f3n sin deformaci\u00f3n<\/p>\n<p>USOS<br \/>\nCarpinter\u00eda<\/p>\n","protected":false},"excerpt":{"rendered":"<p>SARGENTO 60&#8243; APER MAX 150CM S5 TRUPER ESPECIFICACIONES Apertura m\u00e1xima 60&#8243; (152.4cm) Longitud 68&#8243; (172.7cm) Dimensiones de caras 4.7 x<\/p>\n","protected":false},"featured_media":75655,"comment_status":"closed","ping_status":"open","template":"","meta":[],"product_brand":[],"product_cat":[15],"product_tag":[],"class_list":{"0":"post-3291","1":"product","2":"type-product","3":"status-publish","4":"has-post-thumbnail","6":"product_cat-uncategorized","8":"first","9":"instock","10":"purchasable","11":"product-type-simple"},"jetpack_sharing_enabled":true,"_links":{"self":[{"href":"https:\/\/www.veneciacr.com\/index.php\/wp-json\/wp\/v2\/product\/3291","targetHints":{"allow":["GET"]}}],"collection":[{"href":"https:\/\/www.veneciacr.com\/index.php\/wp-json\/wp\/v2\/product"}],"about":[{"href":"https:\/\/www.veneciacr.com\/index.php\/wp-json\/wp\/v2\/types\/product"}],"replies":[{"embeddable":true,"href":"https:\/\/www.veneciacr.com\/index.php\/wp-json\/wp\/v2\/comments?post=3291"}],"wp:featuredmedia":[{"embeddable":true,"href":"https:\/\/www.veneciacr.com\/index.php\/wp-json\/wp\/v2\/media\/75655"}],"wp:attachment":[{"href":"https:\/\/www.veneciacr.com\/index.php\/wp-json\/wp\/v2\/media?parent=3291"}],"wp:term":[{"taxonomy":"product_brand","embeddable":true,"href":"https:\/\/www.veneciacr.com\/index.php\/wp-json\/wp\/v2\/product_brand?post=3291"},{"taxonomy":"product_cat","embeddable":true,"href":"https:\/\/www.veneciacr.com\/index.php\/wp-json\/wp\/v2\/product_cat?post=3291"},{"taxonomy":"product_tag","embeddable":true,"href":"https:\/\/www.veneciacr.com\/index.php\/wp-json\/wp\/v2\/product_tag?post=3291"}],"curies":[{"name":"wp","href":"https:\/\/api.w.org\/{rel}","templated":true}]}}