{"id":3224,"date":"2026-04-21T05:10:36","date_gmt":"2026-04-21T11:10:36","guid":{"rendered":"http:\/\/34.83.78.142\/index.php\/product\/minisegueta-aluminio-mat-12-truper\/"},"modified":"2026-04-21T05:10:36","modified_gmt":"2026-04-21T11:10:36","slug":"minisegueta-aluminio-mat-12-truper","status":"publish","type":"product","link":"https:\/\/www.veneciacr.com\/index.php\/producto\/minisegueta-aluminio-mat-12-truper\/","title":{"rendered":"MINISEGUETA ALUMINIO MAT-12 TRUPER"},"content":{"rendered":"<p>MINISEGUETA ALUMINIO MAT-12 TRUPER<\/p>\n<p>CARACTER\u00cdSTICAS<br \/>\nMango ergon\u00f3mico fabricado en aluminio<br \/>\nPara cortes en espacios reducidos<br \/>\nSegueta 12&#8243; (30 cm) bimet\u00e1lica de 18 dpp, Truper Expert, incluida<\/p>\n<p>ESPECIFICACIONES<br \/>\nLongitud de la segueta: 12&#8243; ( 30 cm)<br \/>\nEmpaque individual: Bl\u00edster<\/p>\n","protected":false},"excerpt":{"rendered":"<p>MINISEGUETA ALUMINIO MAT-12 TRUPER CARACTER\u00cdSTICAS Mango ergon\u00f3mico fabricado en aluminio Para cortes en espacios reducidos Segueta 12&#8243; (30 cm) bimet\u00e1lica<\/p>\n","protected":false},"featured_media":75598,"comment_status":"closed","ping_status":"open","template":"","meta":[],"product_brand":[],"product_cat":[15],"product_tag":[],"class_list":{"0":"post-3224","1":"product","2":"type-product","3":"status-publish","4":"has-post-thumbnail","6":"product_cat-uncategorized","8":"first","9":"instock","10":"purchasable","11":"product-type-simple"},"jetpack_sharing_enabled":true,"_links":{"self":[{"href":"https:\/\/www.veneciacr.com\/index.php\/wp-json\/wp\/v2\/product\/3224","targetHints":{"allow":["GET"]}}],"collection":[{"href":"https:\/\/www.veneciacr.com\/index.php\/wp-json\/wp\/v2\/product"}],"about":[{"href":"https:\/\/www.veneciacr.com\/index.php\/wp-json\/wp\/v2\/types\/product"}],"replies":[{"embeddable":true,"href":"https:\/\/www.veneciacr.com\/index.php\/wp-json\/wp\/v2\/comments?post=3224"}],"wp:featuredmedia":[{"embeddable":true,"href":"https:\/\/www.veneciacr.com\/index.php\/wp-json\/wp\/v2\/media\/75598"}],"wp:attachment":[{"href":"https:\/\/www.veneciacr.com\/index.php\/wp-json\/wp\/v2\/media?parent=3224"}],"wp:term":[{"taxonomy":"product_brand","embeddable":true,"href":"https:\/\/www.veneciacr.com\/index.php\/wp-json\/wp\/v2\/product_brand?post=3224"},{"taxonomy":"product_cat","embeddable":true,"href":"https:\/\/www.veneciacr.com\/index.php\/wp-json\/wp\/v2\/product_cat?post=3224"},{"taxonomy":"product_tag","embeddable":true,"href":"https:\/\/www.veneciacr.com\/index.php\/wp-json\/wp\/v2\/product_tag?post=3224"}],"curies":[{"name":"wp","href":"https:\/\/api.w.org\/{rel}","templated":true}]}}