{"id":3139,"date":"2026-04-26T02:10:49","date_gmt":"2026-04-26T08:10:49","guid":{"rendered":"http:\/\/34.83.78.142\/index.php\/product\/tope-p-puerta-piso-dorado-todo-1-hermex-19433\/"},"modified":"2026-04-26T02:10:50","modified_gmt":"2026-04-26T08:10:50","slug":"tope-puerta-piso-dorado-todo-1-hermex","status":"publish","type":"product","link":"https:\/\/www.veneciacr.com\/index.php\/producto\/tope-puerta-piso-dorado-todo-1-hermex\/","title":{"rendered":"TOPE PUERTA PISO DORADO TODO-1 HERMEX"},"content":{"rendered":"<p>Met\u00e1lico<\/p>\n<p>Con protecci\u00f3n de hule<\/p>\n<p>Se instala en piso<\/p>\n<p>Para puertas, ayuda a prevenir da\u00f1os en paredes<\/p>\n","protected":false},"excerpt":{"rendered":"<p>Met\u00e1lico Con protecci\u00f3n de hule Se instala en piso Para puertas, ayuda a prevenir da\u00f1os en paredes<\/p>\n","protected":false},"featured_media":75548,"comment_status":"closed","ping_status":"open","template":"","meta":[],"product_brand":[],"product_cat":[31],"product_tag":[],"class_list":{"0":"post-3139","1":"product","2":"type-product","3":"status-publish","4":"has-post-thumbnail","6":"product_cat-puertas","8":"first","9":"instock","10":"purchasable","11":"product-type-simple"},"jetpack_sharing_enabled":true,"_links":{"self":[{"href":"https:\/\/www.veneciacr.com\/index.php\/wp-json\/wp\/v2\/product\/3139","targetHints":{"allow":["GET"]}}],"collection":[{"href":"https:\/\/www.veneciacr.com\/index.php\/wp-json\/wp\/v2\/product"}],"about":[{"href":"https:\/\/www.veneciacr.com\/index.php\/wp-json\/wp\/v2\/types\/product"}],"replies":[{"embeddable":true,"href":"https:\/\/www.veneciacr.com\/index.php\/wp-json\/wp\/v2\/comments?post=3139"}],"wp:featuredmedia":[{"embeddable":true,"href":"https:\/\/www.veneciacr.com\/index.php\/wp-json\/wp\/v2\/media\/75548"}],"wp:attachment":[{"href":"https:\/\/www.veneciacr.com\/index.php\/wp-json\/wp\/v2\/media?parent=3139"}],"wp:term":[{"taxonomy":"product_brand","embeddable":true,"href":"https:\/\/www.veneciacr.com\/index.php\/wp-json\/wp\/v2\/product_brand?post=3139"},{"taxonomy":"product_cat","embeddable":true,"href":"https:\/\/www.veneciacr.com\/index.php\/wp-json\/wp\/v2\/product_cat?post=3139"},{"taxonomy":"product_tag","embeddable":true,"href":"https:\/\/www.veneciacr.com\/index.php\/wp-json\/wp\/v2\/product_tag?post=3139"}],"curies":[{"name":"wp","href":"https:\/\/api.w.org\/{rel}","templated":true}]}}