{"id":3137,"date":"2026-04-21T05:15:59","date_gmt":"2026-04-21T11:15:59","guid":{"rendered":"http:\/\/34.83.78.142\/index.php\/product\/alicate-corte-p-electricista-5-t275-5-truper\/"},"modified":"2026-04-21T05:15:59","modified_gmt":"2026-04-21T11:15:59","slug":"alicate-corte-electricista-5-t275-5-truper","status":"publish","type":"product","link":"https:\/\/www.veneciacr.com\/index.php\/producto\/alicate-corte-electricista-5-t275-5-truper\/","title":{"rendered":"ALICATE CORTE ELECTRICISTA 5&#8243; T275-5 TRUPER"},"content":{"rendered":"<p>Fabricada en acero al manganeso, resistente a la corrosi\u00f3n<\/p>\n<p>Mango antiderrapante de TPR<\/p>\n<p>Resorte de autoapertura de f\u00e1cil operaci\u00f3n<\/p>\n<p>Dise\u00f1o de punta que facilita el trabajo en espacios reducidos<\/p>\n<p>Cortes limpios al ras<\/p>\n","protected":false},"excerpt":{"rendered":"<p>Fabricada en acero al manganeso, resistente a la corrosi\u00f3n Mango antiderrapante de TPR Resorte de autoapertura de f\u00e1cil operaci\u00f3n Dise\u00f1o<\/p>\n","protected":false},"featured_media":75547,"comment_status":"closed","ping_status":"open","template":"","meta":[],"product_brand":[],"product_cat":[152,23],"product_tag":[],"class_list":{"0":"post-3137","1":"product","2":"type-product","3":"status-publish","4":"has-post-thumbnail","6":"product_cat-herramienta-manuales","7":"product_cat-herramientas","9":"first","10":"instock","11":"purchasable","12":"product-type-simple"},"jetpack_sharing_enabled":true,"_links":{"self":[{"href":"https:\/\/www.veneciacr.com\/index.php\/wp-json\/wp\/v2\/product\/3137","targetHints":{"allow":["GET"]}}],"collection":[{"href":"https:\/\/www.veneciacr.com\/index.php\/wp-json\/wp\/v2\/product"}],"about":[{"href":"https:\/\/www.veneciacr.com\/index.php\/wp-json\/wp\/v2\/types\/product"}],"replies":[{"embeddable":true,"href":"https:\/\/www.veneciacr.com\/index.php\/wp-json\/wp\/v2\/comments?post=3137"}],"wp:featuredmedia":[{"embeddable":true,"href":"https:\/\/www.veneciacr.com\/index.php\/wp-json\/wp\/v2\/media\/75547"}],"wp:attachment":[{"href":"https:\/\/www.veneciacr.com\/index.php\/wp-json\/wp\/v2\/media?parent=3137"}],"wp:term":[{"taxonomy":"product_brand","embeddable":true,"href":"https:\/\/www.veneciacr.com\/index.php\/wp-json\/wp\/v2\/product_brand?post=3137"},{"taxonomy":"product_cat","embeddable":true,"href":"https:\/\/www.veneciacr.com\/index.php\/wp-json\/wp\/v2\/product_cat?post=3137"},{"taxonomy":"product_tag","embeddable":true,"href":"https:\/\/www.veneciacr.com\/index.php\/wp-json\/wp\/v2\/product_tag?post=3137"}],"curies":[{"name":"wp","href":"https:\/\/api.w.org\/{rel}","templated":true}]}}