{"id":3120,"date":"2026-04-21T05:18:23","date_gmt":"2026-04-21T11:18:23","guid":{"rendered":"http:\/\/34.83.78.142\/index.php\/product\/cutter-metalica-6-nm-6-truper\/"},"modified":"2026-04-21T05:18:25","modified_gmt":"2026-04-21T11:18:25","slug":"cutter-metalica-6-nm-6-truper","status":"publish","type":"product","link":"https:\/\/www.veneciacr.com\/index.php\/producto\/cutter-metalica-6-nm-6-truper\/","title":{"rendered":"CUTTER METALICA 6&#8243; NM-6 TRUPER"},"content":{"rendered":"<p>Mango ergon\u00f3mico antiderrapante con cavidad para cortar fleje<br \/>\nBot\u00f3n que libera f\u00e1cilmente la cuchilla<\/p>\n<p>ESPECIFICACIONES<br \/>\nLongitud 7&#8243; (18 cm)<br \/>\nAncho de cuchillas 19 mm<br \/>\nEspesor de cuchillas 0.6 mm<br \/>\nPeso 173.6<\/p>\n","protected":false},"excerpt":{"rendered":"<p>Mango ergon\u00f3mico antiderrapante con cavidad para cortar fleje Bot\u00f3n que libera f\u00e1cilmente la cuchilla ESPECIFICACIONES Longitud 7&#8243; (18 cm) Ancho<\/p>\n","protected":false},"featured_media":75527,"comment_status":"closed","ping_status":"open","template":"","meta":[],"product_brand":[],"product_cat":[15],"product_tag":[],"class_list":{"0":"post-3120","1":"product","2":"type-product","3":"status-publish","4":"has-post-thumbnail","6":"product_cat-uncategorized","8":"first","9":"outofstock","10":"purchasable","11":"product-type-simple"},"jetpack_sharing_enabled":true,"_links":{"self":[{"href":"https:\/\/www.veneciacr.com\/index.php\/wp-json\/wp\/v2\/product\/3120","targetHints":{"allow":["GET"]}}],"collection":[{"href":"https:\/\/www.veneciacr.com\/index.php\/wp-json\/wp\/v2\/product"}],"about":[{"href":"https:\/\/www.veneciacr.com\/index.php\/wp-json\/wp\/v2\/types\/product"}],"replies":[{"embeddable":true,"href":"https:\/\/www.veneciacr.com\/index.php\/wp-json\/wp\/v2\/comments?post=3120"}],"wp:featuredmedia":[{"embeddable":true,"href":"https:\/\/www.veneciacr.com\/index.php\/wp-json\/wp\/v2\/media\/75527"}],"wp:attachment":[{"href":"https:\/\/www.veneciacr.com\/index.php\/wp-json\/wp\/v2\/media?parent=3120"}],"wp:term":[{"taxonomy":"product_brand","embeddable":true,"href":"https:\/\/www.veneciacr.com\/index.php\/wp-json\/wp\/v2\/product_brand?post=3120"},{"taxonomy":"product_cat","embeddable":true,"href":"https:\/\/www.veneciacr.com\/index.php\/wp-json\/wp\/v2\/product_cat?post=3120"},{"taxonomy":"product_tag","embeddable":true,"href":"https:\/\/www.veneciacr.com\/index.php\/wp-json\/wp\/v2\/product_tag?post=3120"}],"curies":[{"name":"wp","href":"https:\/\/api.w.org\/{rel}","templated":true}]}}