{"id":295,"date":"2026-04-29T02:30:32","date_gmt":"2026-04-29T08:30:32","guid":{"rendered":"http:\/\/34.83.78.142\/index.php\/product\/conector-click-de-grifo-a-manguera-click-gr-truper\/"},"modified":"2026-04-29T02:30:32","modified_gmt":"2026-04-29T08:30:32","slug":"conector-click-grifo-a-manguera-click-gr-truper","status":"publish","type":"product","link":"https:\/\/www.veneciacr.com\/index.php\/producto\/conector-click-grifo-a-manguera-click-gr-truper\/","title":{"rendered":"CONECTOR CLICK GRIFO A MANGUERA CLICK-GR TRUPER"},"content":{"rendered":"<p>Fabricado en ABS.<br \/>\nConexi\u00f3n y desconexi\u00f3n autom\u00e1tica ultra-f\u00e1cil y r\u00e1pida<\/p>\n<p>APLICACIONES<br \/>\nJardiner\u00eda, hogar<br \/>\nIdeal para cambiar al instante mangueras y accesorios de riego con conectores click de Truper\u00ae<\/p>\n<p>ESPECIFICACIONES<br \/>\nEntrada 3\/4&#8243; (19mm)<br \/>\nConexi\u00f3n Grifo<br \/>\nPresi\u00f3n de trabajo 40 &#8211; 50 PSI<br \/>\nDi\u00e1metro 34 mm<br \/>\nLongitud 66 mm<br \/>\nPeso 27 g<\/p>\n","protected":false},"excerpt":{"rendered":"<p>Fabricado en ABS. Conexi\u00f3n y desconexi\u00f3n autom\u00e1tica ultra-f\u00e1cil y r\u00e1pida APLICACIONES Jardiner\u00eda, hogar Ideal para cambiar al instante mangueras y<\/p>\n","protected":false},"featured_media":73902,"comment_status":"closed","ping_status":"open","template":"","meta":[],"product_brand":[],"product_cat":[15],"product_tag":[],"class_list":{"0":"post-295","1":"product","2":"type-product","3":"status-publish","4":"has-post-thumbnail","6":"product_cat-uncategorized","8":"first","9":"instock","10":"purchasable","11":"product-type-simple"},"jetpack_sharing_enabled":true,"_links":{"self":[{"href":"https:\/\/www.veneciacr.com\/index.php\/wp-json\/wp\/v2\/product\/295","targetHints":{"allow":["GET"]}}],"collection":[{"href":"https:\/\/www.veneciacr.com\/index.php\/wp-json\/wp\/v2\/product"}],"about":[{"href":"https:\/\/www.veneciacr.com\/index.php\/wp-json\/wp\/v2\/types\/product"}],"replies":[{"embeddable":true,"href":"https:\/\/www.veneciacr.com\/index.php\/wp-json\/wp\/v2\/comments?post=295"}],"wp:featuredmedia":[{"embeddable":true,"href":"https:\/\/www.veneciacr.com\/index.php\/wp-json\/wp\/v2\/media\/73902"}],"wp:attachment":[{"href":"https:\/\/www.veneciacr.com\/index.php\/wp-json\/wp\/v2\/media?parent=295"}],"wp:term":[{"taxonomy":"product_brand","embeddable":true,"href":"https:\/\/www.veneciacr.com\/index.php\/wp-json\/wp\/v2\/product_brand?post=295"},{"taxonomy":"product_cat","embeddable":true,"href":"https:\/\/www.veneciacr.com\/index.php\/wp-json\/wp\/v2\/product_cat?post=295"},{"taxonomy":"product_tag","embeddable":true,"href":"https:\/\/www.veneciacr.com\/index.php\/wp-json\/wp\/v2\/product_tag?post=295"}],"curies":[{"name":"wp","href":"https:\/\/api.w.org\/{rel}","templated":true}]}}