{"id":278,"date":"2026-04-21T06:34:17","date_gmt":"2026-04-21T12:34:17","guid":{"rendered":"http:\/\/34.83.78.142\/index.php\/product\/alicate-electricista-6-t200-6-truper\/"},"modified":"2026-04-21T06:34:18","modified_gmt":"2026-04-21T12:34:18","slug":"alicate-electricista-6-t200-6-truper","status":"publish","type":"product","link":"https:\/\/www.veneciacr.com\/index.php\/producto\/alicate-electricista-6-t200-6-truper\/","title":{"rendered":"ALICATE ELECTRICISTA 6&#8243; T200-6 TRUPER"},"content":{"rendered":"<p>Fabricada en acero al cromo vanadio, 2X m\u00e1s resistente a la corrosi\u00f3n<\/p>\n<p>Acabado pulido para f\u00e1cil limpieza<\/p>\n<p>Mango cubierto de PVC que absorbe el esfuerzo y ofrece mayor comodidad<\/p>\n<p>Mordazas con moleteado cruzado para una sujeci\u00f3n firme<\/p>\n<p>Cuchillas afiladas para cortes r\u00e1pidos y precisos<\/p>\n","protected":false},"excerpt":{"rendered":"<p>Fabricada en acero al cromo vanadio, 2X m\u00e1s resistente a la corrosi\u00f3n Acabado pulido para f\u00e1cil limpieza Mango cubierto de<\/p>\n","protected":false},"featured_media":95809,"comment_status":"closed","ping_status":"open","template":"","meta":[],"product_brand":[],"product_cat":[152,23],"product_tag":[],"class_list":{"0":"post-278","1":"product","2":"type-product","3":"status-publish","4":"has-post-thumbnail","6":"product_cat-herramienta-manuales","7":"product_cat-herramientas","9":"first","10":"outofstock","11":"purchasable","12":"product-type-simple"},"jetpack_sharing_enabled":true,"_links":{"self":[{"href":"https:\/\/www.veneciacr.com\/index.php\/wp-json\/wp\/v2\/product\/278","targetHints":{"allow":["GET"]}}],"collection":[{"href":"https:\/\/www.veneciacr.com\/index.php\/wp-json\/wp\/v2\/product"}],"about":[{"href":"https:\/\/www.veneciacr.com\/index.php\/wp-json\/wp\/v2\/types\/product"}],"replies":[{"embeddable":true,"href":"https:\/\/www.veneciacr.com\/index.php\/wp-json\/wp\/v2\/comments?post=278"}],"wp:featuredmedia":[{"embeddable":true,"href":"https:\/\/www.veneciacr.com\/index.php\/wp-json\/wp\/v2\/media\/95809"}],"wp:attachment":[{"href":"https:\/\/www.veneciacr.com\/index.php\/wp-json\/wp\/v2\/media?parent=278"}],"wp:term":[{"taxonomy":"product_brand","embeddable":true,"href":"https:\/\/www.veneciacr.com\/index.php\/wp-json\/wp\/v2\/product_brand?post=278"},{"taxonomy":"product_cat","embeddable":true,"href":"https:\/\/www.veneciacr.com\/index.php\/wp-json\/wp\/v2\/product_cat?post=278"},{"taxonomy":"product_tag","embeddable":true,"href":"https:\/\/www.veneciacr.com\/index.php\/wp-json\/wp\/v2\/product_tag?post=278"}],"curies":[{"name":"wp","href":"https:\/\/api.w.org\/{rel}","templated":true}]}}