{"id":2716,"date":"2026-05-06T01:38:09","date_gmt":"2026-05-06T07:38:09","guid":{"rendered":"http:\/\/34.83.78.142\/index.php\/product\/cinta-metrica-50m-fibra-vidrio-tfc-50me-truper\/"},"modified":"2026-05-06T01:38:10","modified_gmt":"2026-05-06T07:38:10","slug":"cinta-metrica-50m-fibra-vidrio-tfc-50me-truper","status":"publish","type":"product","link":"https:\/\/www.veneciacr.com\/index.php\/producto\/cinta-metrica-50m-fibra-vidrio-tfc-50me-truper\/","title":{"rendered":"CINTA METRICA 50M FIBRA VIDRIO TFC-50ME TRUPER"},"content":{"rendered":"<p>Cinta de fibra de vidrio recubierta de PVC que permite que pueda mojarse y limpiarse f\u00e1cilmente<br \/>\nMango ergon\u00f3mico con cubierta de goma para un agarre seguro<br \/>\nCuerpo fabricado en ABS durable y resistente a impactos<br \/>\nIdeal para construcci\u00f3n, ingenier\u00eda civil y topograf\u00eda<br \/>\nCinta impresa por ambos lados<\/p>\n<p>ESPECIFICACIONES<br \/>\nLongitud: 50 m (164 ft)<br \/>\nAncho de la cinta: 12.5 mm<br \/>\nEspesor de la cinta: 0.40 mm<br \/>\nEscala: cm-m \/ in-ft<br \/>\nColor de la cinta: Amarillo<br \/>\nPeso: 755 g<br \/>\nEmpaque individual: Caja<\/p>\n","protected":false},"excerpt":{"rendered":"<p>Cinta de fibra de vidrio recubierta de PVC que permite que pueda mojarse y limpiarse f\u00e1cilmente Mango ergon\u00f3mico con cubierta<\/p>\n","protected":false},"featured_media":75409,"comment_status":"closed","ping_status":"open","template":"","meta":[],"product_brand":[],"product_cat":[152,23],"product_tag":[],"class_list":{"0":"post-2716","1":"product","2":"type-product","3":"status-publish","4":"has-post-thumbnail","6":"product_cat-herramienta-manuales","7":"product_cat-herramientas","9":"first","10":"instock","11":"purchasable","12":"product-type-simple"},"jetpack_sharing_enabled":true,"_links":{"self":[{"href":"https:\/\/www.veneciacr.com\/index.php\/wp-json\/wp\/v2\/product\/2716","targetHints":{"allow":["GET"]}}],"collection":[{"href":"https:\/\/www.veneciacr.com\/index.php\/wp-json\/wp\/v2\/product"}],"about":[{"href":"https:\/\/www.veneciacr.com\/index.php\/wp-json\/wp\/v2\/types\/product"}],"replies":[{"embeddable":true,"href":"https:\/\/www.veneciacr.com\/index.php\/wp-json\/wp\/v2\/comments?post=2716"}],"wp:featuredmedia":[{"embeddable":true,"href":"https:\/\/www.veneciacr.com\/index.php\/wp-json\/wp\/v2\/media\/75409"}],"wp:attachment":[{"href":"https:\/\/www.veneciacr.com\/index.php\/wp-json\/wp\/v2\/media?parent=2716"}],"wp:term":[{"taxonomy":"product_brand","embeddable":true,"href":"https:\/\/www.veneciacr.com\/index.php\/wp-json\/wp\/v2\/product_brand?post=2716"},{"taxonomy":"product_cat","embeddable":true,"href":"https:\/\/www.veneciacr.com\/index.php\/wp-json\/wp\/v2\/product_cat?post=2716"},{"taxonomy":"product_tag","embeddable":true,"href":"https:\/\/www.veneciacr.com\/index.php\/wp-json\/wp\/v2\/product_tag?post=2716"}],"curies":[{"name":"wp","href":"https:\/\/api.w.org\/{rel}","templated":true}]}}