{"id":253,"date":"2026-04-21T06:34:28","date_gmt":"2026-04-21T12:34:28","guid":{"rendered":"http:\/\/34.83.78.142\/index.php\/product\/alicate-presion-nariz-larga-4-ppt-4pl-truper\/"},"modified":"2026-04-21T06:34:28","modified_gmt":"2026-04-21T12:34:28","slug":"alicate-presion-nariz-larga-4-ppt-4pl-truper","status":"publish","type":"product","link":"https:\/\/www.veneciacr.com\/index.php\/producto\/alicate-presion-nariz-larga-4-ppt-4pl-truper\/","title":{"rendered":"ALICATE PRESION NARIZ LARGA 4&#8243; PPT-4PL TRUPER"},"content":{"rendered":"<p>Mordazas de acero al cromo molibdeno, para cortar alambre<br \/>\nSujeci\u00f3n segura<br \/>\nPalanca de f\u00e1cil liberaci\u00f3n<br \/>\nPara trabajo en lugares estrechos<br \/>\nDe uso en mec\u00e1nica automotriz e industrial<br \/>\nEntrada para llave allen<br \/>\nTipo de sujeci\u00f3n<\/p>\n<p>NORMA<br \/>\nEn carga y sujeci\u00f3n excede en promedio un 75% la norma: ASME B107.24<\/p>\n<p>ESPECIFICACIONES<\/p>\n<p>Largo: 4&#8243; (10 cm)<br \/>\nAncho de mordaza: 39 mm<br \/>\nEmpaque individual: Tarjeta<\/p>\n","protected":false},"excerpt":{"rendered":"<p>Mordazas de acero al cromo molibdeno, para cortar alambre Sujeci\u00f3n segura Palanca de f\u00e1cil liberaci\u00f3n Para trabajo en lugares estrechos<\/p>\n","protected":false},"featured_media":73878,"comment_status":"closed","ping_status":"open","template":"","meta":[],"product_brand":[],"product_cat":[152,23],"product_tag":[],"class_list":{"0":"post-253","1":"product","2":"type-product","3":"status-publish","4":"has-post-thumbnail","6":"product_cat-herramienta-manuales","7":"product_cat-herramientas","9":"first","10":"instock","11":"purchasable","12":"product-type-simple"},"jetpack_sharing_enabled":true,"_links":{"self":[{"href":"https:\/\/www.veneciacr.com\/index.php\/wp-json\/wp\/v2\/product\/253","targetHints":{"allow":["GET"]}}],"collection":[{"href":"https:\/\/www.veneciacr.com\/index.php\/wp-json\/wp\/v2\/product"}],"about":[{"href":"https:\/\/www.veneciacr.com\/index.php\/wp-json\/wp\/v2\/types\/product"}],"replies":[{"embeddable":true,"href":"https:\/\/www.veneciacr.com\/index.php\/wp-json\/wp\/v2\/comments?post=253"}],"wp:featuredmedia":[{"embeddable":true,"href":"https:\/\/www.veneciacr.com\/index.php\/wp-json\/wp\/v2\/media\/73878"}],"wp:attachment":[{"href":"https:\/\/www.veneciacr.com\/index.php\/wp-json\/wp\/v2\/media?parent=253"}],"wp:term":[{"taxonomy":"product_brand","embeddable":true,"href":"https:\/\/www.veneciacr.com\/index.php\/wp-json\/wp\/v2\/product_brand?post=253"},{"taxonomy":"product_cat","embeddable":true,"href":"https:\/\/www.veneciacr.com\/index.php\/wp-json\/wp\/v2\/product_cat?post=253"},{"taxonomy":"product_tag","embeddable":true,"href":"https:\/\/www.veneciacr.com\/index.php\/wp-json\/wp\/v2\/product_tag?post=253"}],"curies":[{"name":"wp","href":"https:\/\/api.w.org\/{rel}","templated":true}]}}