{"id":2411,"date":"2026-04-26T02:14:19","date_gmt":"2026-04-26T08:14:19","guid":{"rendered":"http:\/\/34.83.78.142\/index.php\/product\/metro-manguera-p-gas-mga-500-truper\/"},"modified":"2026-04-26T02:14:20","modified_gmt":"2026-04-26T08:14:20","slug":"metro-manguera-gas-amarillo-mga-500-foset","status":"publish","type":"product","link":"https:\/\/www.veneciacr.com\/index.php\/producto\/metro-manguera-gas-amarillo-mga-500-foset\/","title":{"rendered":"METRO MANGUERA GAS AMARILLO MGA-500 FOSET"},"content":{"rendered":"<p>Manguera con 3 Capas fabricadas en PVC<\/p>\n<p>Para usos generales<\/p>\n<div class=\"col-6\">\n<div class=\"table-responsive tabla_border\">\n<table class=\"table table-bordered table_info_prod align-middle m-0\">\n<tbody>\n<tr id=\"tabla_especs\">\n<th class=\"tamanio_th_especs\" scope=\"row\">\n<p class=\"margen_tabla_especs\">Presi\u00f3n m\u00e1xima<\/p>\n<\/th>\n<td>\n<p class=\"margen_tabla_especs\">140 PSI<\/p>\n<\/td>\n<\/tr>\n<tr id=\"tabla_especs\">\n<th class=\"tamanio_th_especs\" scope=\"row\">\n<p class=\"margen_tabla_especs\">Di\u00e1metro<\/p>\n<\/th>\n<td>\n<p class=\"margen_tabla_especs\">3\/8&#8243; (9.5 mm)<\/p>\n<\/td>\n<\/tr>\n<tr id=\"tabla_especs\">\n<th class=\"tamanio_th_especs\" scope=\"row\">\n<p class=\"margen_tabla_especs\">Peso por metro<\/p>\n<\/th>\n<td>\n<p class=\"margen_tabla_especs\">116 g<\/p>\n<\/td>\n<\/tr>\n<tr id=\"tabla_especs\">\n<th class=\"tamanio_th_especs\" scope=\"row\"><\/th>\n<td><\/td>\n<\/tr>\n<tr id=\"tabla_especs\">\n<th class=\"tamanio_th_especs\" scope=\"row\"><\/th>\n<td><\/td>\n<\/tr>\n<\/tbody>\n<\/table>\n<\/div>\n<\/div>\n<div class=\"col-6\">\n<div class=\"table-responsive tabla_border\">\n<table class=\"table table-bordered table_info_prod align-middle m-0\">\n<tbody>\n<tr id=\"tabla_especs\">\n<th class=\"tamanio_th_especs\" scope=\"row\">\n<p class=\"margen_tabla_especs\">Espesor de pared<\/p>\n<\/th>\n<td>\n<p class=\"margen_tabla_especs\">2.1\u00a0mm<\/p>\n<\/td>\n<\/tr>\n<tr id=\"tabla_especs\">\n<th class=\"tamanio_th_especs\" scope=\"row\">\n<p class=\"margen_tabla_especs\">Temperatura m\u00e1xima<\/p>\n<\/th>\n<td>\n<p class=\"margen_tabla_especs\">60 \u00b0C<\/p>\n<\/td>\n<\/tr>\n<\/tbody>\n<\/table>\n<\/div>\n<\/div>\n","protected":false},"excerpt":{"rendered":"<p>Manguera con 3 Capas fabricadas en PVC Para usos generales Presi\u00f3n m\u00e1xima 140 PSI Di\u00e1metro 3\/8&#8243; (9.5 mm) Peso por<\/p>\n","protected":false},"featured_media":75363,"comment_status":"closed","ping_status":"open","template":"","meta":[],"product_brand":[],"product_cat":[15],"product_tag":[],"class_list":{"0":"post-2411","1":"product","2":"type-product","3":"status-publish","4":"has-post-thumbnail","6":"product_cat-uncategorized","8":"first","9":"instock","10":"purchasable","11":"product-type-simple"},"jetpack_sharing_enabled":true,"_links":{"self":[{"href":"https:\/\/www.veneciacr.com\/index.php\/wp-json\/wp\/v2\/product\/2411","targetHints":{"allow":["GET"]}}],"collection":[{"href":"https:\/\/www.veneciacr.com\/index.php\/wp-json\/wp\/v2\/product"}],"about":[{"href":"https:\/\/www.veneciacr.com\/index.php\/wp-json\/wp\/v2\/types\/product"}],"replies":[{"embeddable":true,"href":"https:\/\/www.veneciacr.com\/index.php\/wp-json\/wp\/v2\/comments?post=2411"}],"wp:featuredmedia":[{"embeddable":true,"href":"https:\/\/www.veneciacr.com\/index.php\/wp-json\/wp\/v2\/media\/75363"}],"wp:attachment":[{"href":"https:\/\/www.veneciacr.com\/index.php\/wp-json\/wp\/v2\/media?parent=2411"}],"wp:term":[{"taxonomy":"product_brand","embeddable":true,"href":"https:\/\/www.veneciacr.com\/index.php\/wp-json\/wp\/v2\/product_brand?post=2411"},{"taxonomy":"product_cat","embeddable":true,"href":"https:\/\/www.veneciacr.com\/index.php\/wp-json\/wp\/v2\/product_cat?post=2411"},{"taxonomy":"product_tag","embeddable":true,"href":"https:\/\/www.veneciacr.com\/index.php\/wp-json\/wp\/v2\/product_tag?post=2411"}],"curies":[{"name":"wp","href":"https:\/\/api.w.org\/{rel}","templated":true}]}}