{"id":2384,"date":"2026-05-06T01:42:36","date_gmt":"2026-05-06T07:42:36","guid":{"rendered":"http:\/\/34.83.78.142\/index.php\/product\/punzon-para-marcar-1-4x-4-1-4-pumar-1-4-truper\/"},"modified":"2026-05-06T01:42:36","modified_gmt":"2026-05-06T07:42:36","slug":"punzon-marcar-1-4x-4-1-4-pubar-1-4-truper","status":"publish","type":"product","link":"https:\/\/www.veneciacr.com\/index.php\/producto\/punzon-marcar-1-4x-4-1-4-pubar-1-4-truper\/","title":{"rendered":"PUNZON MARCAR 1\/4&#8243;X 4-1\/4&#8243; PUBAR-1\/4 TRUPER"},"content":{"rendered":"<p>Longitud 4 1\/4&#8243; (103.7mm)<br \/>\nEspesor 1\/4&#8243; (6.3mm)<br \/>\nDureza 53HRc<br \/>\nPeso 20g<br \/>\nEmpaque Granel<\/p>\n<p>CARACTER\u00cdSTICAS<br \/>\nFabricados en acero al cromo SAE 5140<br \/>\n\u00c1ngulo de 90\u00ba en la punta lo cual les permite dejar una huella visible en la superficie que se aplica<\/p>\n<p>USOS<br \/>\nMec\u00e1nica industrial, automotriz, herrer\u00edas, etc\u00e9tera<br \/>\nPara marcar piezas durante el proceso de fabricaci\u00f3n, ensamble o reparaci\u00f3n de maquinaria<\/p>\n","protected":false},"excerpt":{"rendered":"<p>Longitud 4 1\/4&#8243; (103.7mm) Espesor 1\/4&#8243; (6.3mm) Dureza 53HRc Peso 20g Empaque Granel CARACTER\u00cdSTICAS Fabricados en acero al cromo SAE<\/p>\n","protected":false},"featured_media":96727,"comment_status":"closed","ping_status":"open","template":"","meta":[],"product_brand":[],"product_cat":[15],"product_tag":[],"class_list":{"0":"post-2384","1":"product","2":"type-product","3":"status-publish","4":"has-post-thumbnail","6":"product_cat-uncategorized","8":"first","9":"instock","10":"purchasable","11":"product-type-simple"},"jetpack_sharing_enabled":true,"_links":{"self":[{"href":"https:\/\/www.veneciacr.com\/index.php\/wp-json\/wp\/v2\/product\/2384","targetHints":{"allow":["GET"]}}],"collection":[{"href":"https:\/\/www.veneciacr.com\/index.php\/wp-json\/wp\/v2\/product"}],"about":[{"href":"https:\/\/www.veneciacr.com\/index.php\/wp-json\/wp\/v2\/types\/product"}],"replies":[{"embeddable":true,"href":"https:\/\/www.veneciacr.com\/index.php\/wp-json\/wp\/v2\/comments?post=2384"}],"wp:featuredmedia":[{"embeddable":true,"href":"https:\/\/www.veneciacr.com\/index.php\/wp-json\/wp\/v2\/media\/96727"}],"wp:attachment":[{"href":"https:\/\/www.veneciacr.com\/index.php\/wp-json\/wp\/v2\/media?parent=2384"}],"wp:term":[{"taxonomy":"product_brand","embeddable":true,"href":"https:\/\/www.veneciacr.com\/index.php\/wp-json\/wp\/v2\/product_brand?post=2384"},{"taxonomy":"product_cat","embeddable":true,"href":"https:\/\/www.veneciacr.com\/index.php\/wp-json\/wp\/v2\/product_cat?post=2384"},{"taxonomy":"product_tag","embeddable":true,"href":"https:\/\/www.veneciacr.com\/index.php\/wp-json\/wp\/v2\/product_tag?post=2384"}],"curies":[{"name":"wp","href":"https:\/\/api.w.org\/{rel}","templated":true}]}}