{"id":2380,"date":"2026-05-06T01:42:39","date_gmt":"2026-05-06T07:42:39","guid":{"rendered":"http:\/\/34.83.78.142\/index.php\/product\/lente-seguridad-deport-amarillo-lede-sa-truper\/"},"modified":"2026-05-06T01:42:39","modified_gmt":"2026-05-06T07:42:39","slug":"lente-seguridad-deport-amarillo-lede-sa-truper","status":"publish","type":"product","link":"https:\/\/www.veneciacr.com\/index.php\/producto\/lente-seguridad-deport-amarillo-lede-sa-truper\/","title":{"rendered":"LENTE SEGURIDAD DEPORT AMARILLO LEDE-SA TRUPER"},"content":{"rendered":"<p>Mica 100% de policarbonato con protecci\u00f3n UV, antirayadura y anti-impactos<br \/>\nSuave puente nasal que brinda mayor comodidad<br \/>\nPatillas ajustables<\/p>\n<p>NORMA<br \/>\nCumple la norma: ANSI Z87.1 (Certificado no disponible)<\/p>\n<p>ESPECIFICACIONES<br \/>\nColor: \u00c1mbar<br \/>\nEspesor de mica: 2.0 mm<br \/>\nEmpaque individual: Bolsa<\/p>\n<p>Aplicaciones<br \/>\nPara aplicaciones de baja iluminaci\u00f3n (interiores, al amanecer\/atardecer, d\u00edas nublados) aumenta el contraste y el brillo, mejora los detalles para una mayor agudeza visual<br \/>\n\u00datiles en la industria, construcci\u00f3n, taller y reparaciones dom\u00e9sticas<\/p>\n<p>CUIDADOS<br \/>\nPara su limpieza deje correr agua tibia, limpiar con una tela o toallita<br \/>\nNo limpiar los lentes con solventes o qu\u00edmicos, ya que esto puede ocasionar deterioro y reducir sus caracter\u00edsticas de protecci\u00f3n<br \/>\nGuardar en un lugar fresco, seco y libre de polvo<\/p>\n<p>&nbsp;<\/p>\n","protected":false},"excerpt":{"rendered":"<p>Mica 100% de policarbonato con protecci\u00f3n UV, antirayadura y anti-impactos Suave puente nasal que brinda mayor comodidad Patillas ajustables NORMA<\/p>\n","protected":false},"featured_media":75343,"comment_status":"closed","ping_status":"open","template":"","meta":[],"product_brand":[],"product_cat":[23,88],"product_tag":[],"class_list":{"0":"post-2380","1":"product","2":"type-product","3":"status-publish","4":"has-post-thumbnail","6":"product_cat-herramientas","7":"product_cat-proteccion-y-seguridad","9":"first","10":"instock","11":"purchasable","12":"product-type-simple"},"jetpack_sharing_enabled":true,"_links":{"self":[{"href":"https:\/\/www.veneciacr.com\/index.php\/wp-json\/wp\/v2\/product\/2380","targetHints":{"allow":["GET"]}}],"collection":[{"href":"https:\/\/www.veneciacr.com\/index.php\/wp-json\/wp\/v2\/product"}],"about":[{"href":"https:\/\/www.veneciacr.com\/index.php\/wp-json\/wp\/v2\/types\/product"}],"replies":[{"embeddable":true,"href":"https:\/\/www.veneciacr.com\/index.php\/wp-json\/wp\/v2\/comments?post=2380"}],"wp:featuredmedia":[{"embeddable":true,"href":"https:\/\/www.veneciacr.com\/index.php\/wp-json\/wp\/v2\/media\/75343"}],"wp:attachment":[{"href":"https:\/\/www.veneciacr.com\/index.php\/wp-json\/wp\/v2\/media?parent=2380"}],"wp:term":[{"taxonomy":"product_brand","embeddable":true,"href":"https:\/\/www.veneciacr.com\/index.php\/wp-json\/wp\/v2\/product_brand?post=2380"},{"taxonomy":"product_cat","embeddable":true,"href":"https:\/\/www.veneciacr.com\/index.php\/wp-json\/wp\/v2\/product_cat?post=2380"},{"taxonomy":"product_tag","embeddable":true,"href":"https:\/\/www.veneciacr.com\/index.php\/wp-json\/wp\/v2\/product_tag?post=2380"}],"curies":[{"name":"wp","href":"https:\/\/api.w.org\/{rel}","templated":true}]}}