{"id":237,"date":"2026-04-21T06:34:33","date_gmt":"2026-04-21T12:34:33","guid":{"rendered":"http:\/\/34.83.78.142\/index.php\/product\/destornillador-plano-1-4-x-6-dr-1-4x6b-truper\/"},"modified":"2026-04-21T06:34:35","modified_gmt":"2026-04-21T12:34:35","slug":"destornillador-plano-1-4-x-6-dr-1-4x6b-truper","status":"publish","type":"product","link":"https:\/\/www.veneciacr.com\/index.php\/producto\/destornillador-plano-1-4-x-6-dr-1-4x6b-truper\/","title":{"rendered":"DESTORNILLADOR PLANO 1\/4&#8243; X 6&#8243; DR-1\/4X6B TRUPER"},"content":{"rendered":"<p>Barra fabricada en acero S-2<br \/>\nHex\u00e1gono en la barra para maximizar el torque con una llave<br \/>\nPunta magnetizada<br \/>\nMango comfort grip fabricado en polipropileno<br \/>\nPunta plana<br \/>\nHex\u00e1gono en la barra maximiza el torque con llave<br \/>\nMarcado y c\u00f3digo de color para f\u00e1cil identificaci\u00f3n de medida y punta<br \/>\nPuntas magnetizadas<\/p>\n<p>NORMA<br \/>\nExcede en promedio un 45% la norma en torque ASME-B107.600<\/p>\n<p>ESPECIFICACIONES<br \/>\nDi\u00e1metro de la barra: 1\/4&#8243; (6.3mm)<br \/>\nLongitud de la barra: 6&#8243; (152mm)<br \/>\nLongitud del mango: 107 mm<br \/>\nDureza de la barra: 54 HRc<br \/>\nEmpaque individual: Tarjeta pl\u00e1stica<br \/>\nAplicaciones<br \/>\nMec\u00e1nica, carpinter\u00eda, industria, hogar, etc\u00e9tera<\/p>\n","protected":false},"excerpt":{"rendered":"<p>Barra fabricada en acero S-2 Hex\u00e1gono en la barra para maximizar el torque con una llave Punta magnetizada Mango comfort<\/p>\n","protected":false},"featured_media":73871,"comment_status":"closed","ping_status":"open","template":"","meta":[],"product_brand":[],"product_cat":[23,24],"product_tag":[],"class_list":{"0":"post-237","1":"product","2":"type-product","3":"status-publish","4":"has-post-thumbnail","6":"product_cat-herramientas","7":"product_cat-herramientas-manuales","9":"first","10":"outofstock","11":"purchasable","12":"product-type-simple"},"jetpack_sharing_enabled":true,"_links":{"self":[{"href":"https:\/\/www.veneciacr.com\/index.php\/wp-json\/wp\/v2\/product\/237","targetHints":{"allow":["GET"]}}],"collection":[{"href":"https:\/\/www.veneciacr.com\/index.php\/wp-json\/wp\/v2\/product"}],"about":[{"href":"https:\/\/www.veneciacr.com\/index.php\/wp-json\/wp\/v2\/types\/product"}],"replies":[{"embeddable":true,"href":"https:\/\/www.veneciacr.com\/index.php\/wp-json\/wp\/v2\/comments?post=237"}],"wp:featuredmedia":[{"embeddable":true,"href":"https:\/\/www.veneciacr.com\/index.php\/wp-json\/wp\/v2\/media\/73871"}],"wp:attachment":[{"href":"https:\/\/www.veneciacr.com\/index.php\/wp-json\/wp\/v2\/media?parent=237"}],"wp:term":[{"taxonomy":"product_brand","embeddable":true,"href":"https:\/\/www.veneciacr.com\/index.php\/wp-json\/wp\/v2\/product_brand?post=237"},{"taxonomy":"product_cat","embeddable":true,"href":"https:\/\/www.veneciacr.com\/index.php\/wp-json\/wp\/v2\/product_cat?post=237"},{"taxonomy":"product_tag","embeddable":true,"href":"https:\/\/www.veneciacr.com\/index.php\/wp-json\/wp\/v2\/product_tag?post=237"}],"curies":[{"name":"wp","href":"https:\/\/api.w.org\/{rel}","templated":true}]}}