{"id":2333,"date":"2026-04-25T02:11:45","date_gmt":"2026-04-25T08:11:45","guid":{"rendered":"http:\/\/34.83.78.142\/index.php\/product\/broca-p-metal-cobalto-7-16-bav-7-16-truper\/"},"modified":"2026-04-25T02:11:45","modified_gmt":"2026-04-25T08:11:45","slug":"broca-metal-cobalto-7-16-75224-tolsen","status":"publish","type":"product","link":"https:\/\/www.veneciacr.com\/index.php\/producto\/broca-metal-cobalto-7-16-75224-tolsen\/","title":{"rendered":"BROCA METAL COBALTO 7\/16&#8243; 75224 TOLSEN"},"content":{"rendered":"<p>Punta Split Point autocentrable para perforaciones m\u00e1s r\u00e1pidas y precisas<\/p>\n<p>Fabricada en acero M2, 3X mayor vida \u00fatil que las brocas de \u00f3xido negro<\/p>\n<p>\u00c1ngulo de punta 135\u00b0<\/p>\n<p>Di\u00e1metro marcado en l\u00e1ser para f\u00e1cil identificaci\u00f3n<\/p>\n","protected":false},"excerpt":{"rendered":"<p>Punta Split Point autocentrable para perforaciones m\u00e1s r\u00e1pidas y precisas Fabricada en acero M2, 3X mayor vida \u00fatil que las<\/p>\n","protected":false},"featured_media":73781,"comment_status":"closed","ping_status":"open","template":"","meta":[],"product_brand":[],"product_cat":[86,23],"product_tag":[],"class_list":{"0":"post-2333","1":"product","2":"type-product","3":"status-publish","4":"has-post-thumbnail","6":"product_cat-accesorios-para-herramientas-electricas","7":"product_cat-herramientas","9":"first","10":"instock","11":"purchasable","12":"product-type-simple"},"jetpack_sharing_enabled":true,"_links":{"self":[{"href":"https:\/\/www.veneciacr.com\/index.php\/wp-json\/wp\/v2\/product\/2333","targetHints":{"allow":["GET"]}}],"collection":[{"href":"https:\/\/www.veneciacr.com\/index.php\/wp-json\/wp\/v2\/product"}],"about":[{"href":"https:\/\/www.veneciacr.com\/index.php\/wp-json\/wp\/v2\/types\/product"}],"replies":[{"embeddable":true,"href":"https:\/\/www.veneciacr.com\/index.php\/wp-json\/wp\/v2\/comments?post=2333"}],"wp:featuredmedia":[{"embeddable":true,"href":"https:\/\/www.veneciacr.com\/index.php\/wp-json\/wp\/v2\/media\/73781"}],"wp:attachment":[{"href":"https:\/\/www.veneciacr.com\/index.php\/wp-json\/wp\/v2\/media?parent=2333"}],"wp:term":[{"taxonomy":"product_brand","embeddable":true,"href":"https:\/\/www.veneciacr.com\/index.php\/wp-json\/wp\/v2\/product_brand?post=2333"},{"taxonomy":"product_cat","embeddable":true,"href":"https:\/\/www.veneciacr.com\/index.php\/wp-json\/wp\/v2\/product_cat?post=2333"},{"taxonomy":"product_tag","embeddable":true,"href":"https:\/\/www.veneciacr.com\/index.php\/wp-json\/wp\/v2\/product_tag?post=2333"}],"curies":[{"name":"wp","href":"https:\/\/api.w.org\/{rel}","templated":true}]}}