{"id":2153,"date":"2026-04-21T05:46:57","date_gmt":"2026-04-21T11:46:57","guid":{"rendered":"http:\/\/34.83.78.142\/index.php\/product\/sargento-10-5-25-tht1320503-total\/"},"modified":"2026-04-21T05:46:57","modified_gmt":"2026-04-21T11:46:57","slug":"sargento-10-5-25-tht1320503-total","status":"publish","type":"product","link":"https:\/\/www.veneciacr.com\/index.php\/producto\/sargento-10-5-25-tht1320503-total\/","title":{"rendered":"SARGENTO 10&#8243; 5\/25 THT1320503 TOTAL"},"content":{"rendered":"<p>TAMA\u00d1O:<br \/>\n50 MM * 250 MM<\/p>\n<p>USO:<br \/>\nMEDIANO<\/p>\n<p>CARACTERISTICAS:<\/p>\n<p>&#8211; Fuerza m\u00e1xima de sujeci\u00f3n: 170 kg.<br \/>\n&#8211; Prensa elaborada con acero inoxidable de alta calidad.<\/p>\n","protected":false},"excerpt":{"rendered":"<p>TAMA\u00d1O: 50 MM * 250 MM USO: MEDIANO CARACTERISTICAS: &#8211; Fuerza m\u00e1xima de sujeci\u00f3n: 170 kg. &#8211; Prensa elaborada con<\/p>\n","protected":false},"featured_media":97524,"comment_status":"closed","ping_status":"open","template":"","meta":[],"product_brand":[],"product_cat":[15],"product_tag":[],"class_list":{"0":"post-2153","1":"product","2":"type-product","3":"status-publish","4":"has-post-thumbnail","6":"product_cat-uncategorized","8":"first","9":"instock","10":"purchasable","11":"product-type-simple"},"jetpack_sharing_enabled":true,"_links":{"self":[{"href":"https:\/\/www.veneciacr.com\/index.php\/wp-json\/wp\/v2\/product\/2153","targetHints":{"allow":["GET"]}}],"collection":[{"href":"https:\/\/www.veneciacr.com\/index.php\/wp-json\/wp\/v2\/product"}],"about":[{"href":"https:\/\/www.veneciacr.com\/index.php\/wp-json\/wp\/v2\/types\/product"}],"replies":[{"embeddable":true,"href":"https:\/\/www.veneciacr.com\/index.php\/wp-json\/wp\/v2\/comments?post=2153"}],"wp:featuredmedia":[{"embeddable":true,"href":"https:\/\/www.veneciacr.com\/index.php\/wp-json\/wp\/v2\/media\/97524"}],"wp:attachment":[{"href":"https:\/\/www.veneciacr.com\/index.php\/wp-json\/wp\/v2\/media?parent=2153"}],"wp:term":[{"taxonomy":"product_brand","embeddable":true,"href":"https:\/\/www.veneciacr.com\/index.php\/wp-json\/wp\/v2\/product_brand?post=2153"},{"taxonomy":"product_cat","embeddable":true,"href":"https:\/\/www.veneciacr.com\/index.php\/wp-json\/wp\/v2\/product_cat?post=2153"},{"taxonomy":"product_tag","embeddable":true,"href":"https:\/\/www.veneciacr.com\/index.php\/wp-json\/wp\/v2\/product_tag?post=2153"}],"curies":[{"name":"wp","href":"https:\/\/api.w.org\/{rel}","templated":true}]}}