{"id":215,"date":"2026-04-21T06:34:44","date_gmt":"2026-04-21T12:34:44","guid":{"rendered":"http:\/\/34.83.78.142\/index.php\/product\/cinta-metrica-20m-fibra-vidrio-tp20me-truper\/"},"modified":"2026-04-21T06:34:45","modified_gmt":"2026-04-21T12:34:45","slug":"cinta-metrica-20m-fibra-vidrio-tp20me-truper","status":"publish","type":"product","link":"https:\/\/www.veneciacr.com\/index.php\/producto\/cinta-metrica-20m-fibra-vidrio-tp20me-truper\/","title":{"rendered":"CINTA METRICA 20M FIBRA VIDRIO TP20ME TRUPER"},"content":{"rendered":"<p>Longitud 20 m (66ft)<br \/>\nAncho de la cinta 14.5 mm<br \/>\nEspesor de la cinta 0.47 mm<br \/>\nEscala cm-m \/ in-ft<br \/>\nColor de la cinta Amarillo<br \/>\nPeso 310 g<br \/>\nEmpaque Blister<\/p>\n<p>CARACTER\u00cdSTICAS<br \/>\nCinta de fibra de vidrio recubierta de PVC que permite que pueda mojarse y limpiarse f\u00e1cilmente<br \/>\nCarcasa fabricada en ABS con TPR resistente a impactos<br \/>\nGraduada por ambos lados<\/p>\n<p>USOS<br \/>\nConstrucci\u00f3n, ingenier\u00eda civil, etc\u00e9tera<\/p>\n","protected":false},"excerpt":{"rendered":"<p>Longitud 20 m (66ft) Ancho de la cinta 14.5 mm Espesor de la cinta 0.47 mm Escala cm-m \/ in-ft<\/p>\n","protected":false},"featured_media":73855,"comment_status":"closed","ping_status":"open","template":"","meta":[],"product_brand":[],"product_cat":[152,23],"product_tag":[],"class_list":{"0":"post-215","1":"product","2":"type-product","3":"status-publish","4":"has-post-thumbnail","6":"product_cat-herramienta-manuales","7":"product_cat-herramientas","9":"first","10":"instock","11":"purchasable","12":"product-type-simple"},"jetpack_sharing_enabled":true,"_links":{"self":[{"href":"https:\/\/www.veneciacr.com\/index.php\/wp-json\/wp\/v2\/product\/215","targetHints":{"allow":["GET"]}}],"collection":[{"href":"https:\/\/www.veneciacr.com\/index.php\/wp-json\/wp\/v2\/product"}],"about":[{"href":"https:\/\/www.veneciacr.com\/index.php\/wp-json\/wp\/v2\/types\/product"}],"replies":[{"embeddable":true,"href":"https:\/\/www.veneciacr.com\/index.php\/wp-json\/wp\/v2\/comments?post=215"}],"wp:featuredmedia":[{"embeddable":true,"href":"https:\/\/www.veneciacr.com\/index.php\/wp-json\/wp\/v2\/media\/73855"}],"wp:attachment":[{"href":"https:\/\/www.veneciacr.com\/index.php\/wp-json\/wp\/v2\/media?parent=215"}],"wp:term":[{"taxonomy":"product_brand","embeddable":true,"href":"https:\/\/www.veneciacr.com\/index.php\/wp-json\/wp\/v2\/product_brand?post=215"},{"taxonomy":"product_cat","embeddable":true,"href":"https:\/\/www.veneciacr.com\/index.php\/wp-json\/wp\/v2\/product_cat?post=215"},{"taxonomy":"product_tag","embeddable":true,"href":"https:\/\/www.veneciacr.com\/index.php\/wp-json\/wp\/v2\/product_tag?post=215"}],"curies":[{"name":"wp","href":"https:\/\/api.w.org\/{rel}","templated":true}]}}