{"id":213,"date":"2026-04-26T02:19:53","date_gmt":"2026-04-26T08:19:53","guid":{"rendered":"http:\/\/34.83.78.142\/index.php\/product\/cinta-metrica-5m-contra-impacto-fh-5m-truper\/"},"modified":"2026-04-26T02:19:54","modified_gmt":"2026-04-26T08:19:54","slug":"cinta-metrica-5m-contra-impacto-fh-5m-truper","status":"publish","type":"product","link":"https:\/\/www.veneciacr.com\/index.php\/producto\/cinta-metrica-5m-contra-impacto-fh-5m-truper\/","title":{"rendered":"CINTA METRICA 5M CONTRA IMPACTO FH-5M TRUPER"},"content":{"rendered":"<p>Cinta impresa por ambos lados, recubierta de laca para m\u00e1xima duraci\u00f3n<br \/>\nN\u00fameros grandes de f\u00e1cil lectura, graduaci\u00f3n horizontal y vertical<br \/>\nCarcasa de ABS y cubierta de TPR resistentes a impactos<br \/>\nGancho doble que facilita la medici\u00f3n por ambos lados<br \/>\nCarcasa de ABS y cubierta de TPR resistente a impactos<br \/>\nCinta impresa por ambos lados recubierta de laca para m\u00e1xima duraci\u00f3n<br \/>\nClip de palanca para mejor sujeci\u00f2n<br \/>\nGancho doble, facilita la medici\u00f3n por ambos lados<\/p>\n<p>NORMA<br \/>\nCumple la norma NOM-046-SCFI<\/p>\n<p>ESPECIFICACIONES<br \/>\nLongitud: 5 m (16 ft)<br \/>\nAncho de la cinta: 19 mm (3\/4&#8243;)<br \/>\nExtensi\u00f3n m\u00e1xima: 1.9 m<br \/>\nEscala: cm-mm \/ ft-in<br \/>\nEspesor: 0.12 mm<br \/>\nColor de la cinta: Amarillo<br \/>\nEmpaque individual: Bl\u00edster<\/p>\n","protected":false},"excerpt":{"rendered":"<p>Cinta impresa por ambos lados, recubierta de laca para m\u00e1xima duraci\u00f3n N\u00fameros grandes de f\u00e1cil lectura, graduaci\u00f3n horizontal y vertical<\/p>\n","protected":false},"featured_media":73854,"comment_status":"closed","ping_status":"open","template":"","meta":[],"product_brand":[],"product_cat":[152,23],"product_tag":[],"class_list":{"0":"post-213","1":"product","2":"type-product","3":"status-publish","4":"has-post-thumbnail","6":"product_cat-herramienta-manuales","7":"product_cat-herramientas","9":"first","10":"instock","11":"purchasable","12":"product-type-simple"},"jetpack_sharing_enabled":true,"_links":{"self":[{"href":"https:\/\/www.veneciacr.com\/index.php\/wp-json\/wp\/v2\/product\/213","targetHints":{"allow":["GET"]}}],"collection":[{"href":"https:\/\/www.veneciacr.com\/index.php\/wp-json\/wp\/v2\/product"}],"about":[{"href":"https:\/\/www.veneciacr.com\/index.php\/wp-json\/wp\/v2\/types\/product"}],"replies":[{"embeddable":true,"href":"https:\/\/www.veneciacr.com\/index.php\/wp-json\/wp\/v2\/comments?post=213"}],"wp:featuredmedia":[{"embeddable":true,"href":"https:\/\/www.veneciacr.com\/index.php\/wp-json\/wp\/v2\/media\/73854"}],"wp:attachment":[{"href":"https:\/\/www.veneciacr.com\/index.php\/wp-json\/wp\/v2\/media?parent=213"}],"wp:term":[{"taxonomy":"product_brand","embeddable":true,"href":"https:\/\/www.veneciacr.com\/index.php\/wp-json\/wp\/v2\/product_brand?post=213"},{"taxonomy":"product_cat","embeddable":true,"href":"https:\/\/www.veneciacr.com\/index.php\/wp-json\/wp\/v2\/product_cat?post=213"},{"taxonomy":"product_tag","embeddable":true,"href":"https:\/\/www.veneciacr.com\/index.php\/wp-json\/wp\/v2\/product_tag?post=213"}],"curies":[{"name":"wp","href":"https:\/\/api.w.org\/{rel}","templated":true}]}}