{"id":207,"date":"2026-04-21T06:34:47","date_gmt":"2026-04-21T12:34:47","guid":{"rendered":"http:\/\/34.83.78.142\/index.php\/product\/pata-de-chancho-3-4-x-30-bu-75-truper\/"},"modified":"2026-04-21T06:34:48","modified_gmt":"2026-04-21T12:34:48","slug":"pata-chancho-3-4-x-30-bu-75-truper","status":"publish","type":"product","link":"https:\/\/www.veneciacr.com\/index.php\/producto\/pata-chancho-3-4-x-30-bu-75-truper\/","title":{"rendered":"PATA CHANCHO 3\/4 X 30&#8243; BU-75 TRUPER"},"content":{"rendered":"<p>Fabricada en acero<br \/>\nDoble tratamiento t\u00e9rmico<br \/>\nSecci\u00f3n hexagonal<br \/>\nU\u00f1a y escoplo pulidos<\/p>\n<p>NORMA<br \/>\nExcede la norma: Especif. Federal: GGG-B-101b<\/p>\n<p>ESPECIFICACIONES<br \/>\nLargo: 75 cm<br \/>\nPeso: 2 kg<br \/>\nDi\u00e1metro: 3\/4&#8243;<\/p>\n","protected":false},"excerpt":{"rendered":"<p>Fabricada en acero Doble tratamiento t\u00e9rmico Secci\u00f3n hexagonal U\u00f1a y escoplo pulidos NORMA Excede la norma: Especif. Federal: GGG-B-101b ESPECIFICACIONES<\/p>\n","protected":false},"featured_media":73851,"comment_status":"closed","ping_status":"open","template":"","meta":[],"product_brand":[],"product_cat":[15],"product_tag":[],"class_list":{"0":"post-207","1":"product","2":"type-product","3":"status-publish","4":"has-post-thumbnail","6":"product_cat-uncategorized","8":"first","9":"outofstock","10":"purchasable","11":"product-type-simple"},"jetpack_sharing_enabled":true,"_links":{"self":[{"href":"https:\/\/www.veneciacr.com\/index.php\/wp-json\/wp\/v2\/product\/207","targetHints":{"allow":["GET"]}}],"collection":[{"href":"https:\/\/www.veneciacr.com\/index.php\/wp-json\/wp\/v2\/product"}],"about":[{"href":"https:\/\/www.veneciacr.com\/index.php\/wp-json\/wp\/v2\/types\/product"}],"replies":[{"embeddable":true,"href":"https:\/\/www.veneciacr.com\/index.php\/wp-json\/wp\/v2\/comments?post=207"}],"wp:featuredmedia":[{"embeddable":true,"href":"https:\/\/www.veneciacr.com\/index.php\/wp-json\/wp\/v2\/media\/73851"}],"wp:attachment":[{"href":"https:\/\/www.veneciacr.com\/index.php\/wp-json\/wp\/v2\/media?parent=207"}],"wp:term":[{"taxonomy":"product_brand","embeddable":true,"href":"https:\/\/www.veneciacr.com\/index.php\/wp-json\/wp\/v2\/product_brand?post=207"},{"taxonomy":"product_cat","embeddable":true,"href":"https:\/\/www.veneciacr.com\/index.php\/wp-json\/wp\/v2\/product_cat?post=207"},{"taxonomy":"product_tag","embeddable":true,"href":"https:\/\/www.veneciacr.com\/index.php\/wp-json\/wp\/v2\/product_tag?post=207"}],"curies":[{"name":"wp","href":"https:\/\/api.w.org\/{rel}","templated":true}]}}