{"id":2048,"date":"2026-04-21T05:47:37","date_gmt":"2026-04-21T11:47:37","guid":{"rendered":"http:\/\/34.83.78.142\/index.php\/product\/mascarilla-desechable-p-polvo-mas-m-154-truper-14250\/"},"modified":"2026-04-21T05:47:38","modified_gmt":"2026-04-21T11:47:38","slug":"mascarilla-desechable-polvo-45052-tolsen","status":"publish","type":"product","link":"https:\/\/www.veneciacr.com\/index.php\/producto\/mascarilla-desechable-polvo-45052-tolsen\/","title":{"rendered":"MASCARILLA DESECHABLE POLVO 45052 TOLSEN"},"content":{"rendered":"<p>Cubreboca fabricado 100% de poli\u00e9ster, pieza nasal 100% met\u00e1lica y cinta el\u00e1stica 100% de elastano<br \/>\nClip met\u00e1lico para mejor ajuste<br \/>\nDesechable<br \/>\nLigera y c\u00f3moda<br \/>\nBrinda un ajuste perfecto<br \/>\nPermite una clara visi\u00f3n<br \/>\nNo dificulta la respiraci\u00f3n ni el habla<br \/>\nTipo concha<\/p>\n<p>ESPECIFICACIONES<br \/>\nTalla : Unitalla<br \/>\nEmpaque individual: Caja<\/p>\n<p>Aplicaciones<br \/>\nPara aplicaciones de corta duraci\u00f3n<br \/>\nIdeal para taller, construcci\u00f3n y hogar<\/p>\n","protected":false},"excerpt":{"rendered":"<p>Cubreboca fabricado 100% de poli\u00e9ster, pieza nasal 100% met\u00e1lica y cinta el\u00e1stica 100% de elastano Clip met\u00e1lico para mejor ajuste<\/p>\n","protected":false},"featured_media":78897,"comment_status":"closed","ping_status":"open","template":"","meta":[],"product_brand":[],"product_cat":[15],"product_tag":[],"class_list":{"0":"post-2048","1":"product","2":"type-product","3":"status-publish","4":"has-post-thumbnail","6":"product_cat-uncategorized","8":"first","9":"instock","10":"purchasable","11":"product-type-simple"},"jetpack_sharing_enabled":true,"_links":{"self":[{"href":"https:\/\/www.veneciacr.com\/index.php\/wp-json\/wp\/v2\/product\/2048","targetHints":{"allow":["GET"]}}],"collection":[{"href":"https:\/\/www.veneciacr.com\/index.php\/wp-json\/wp\/v2\/product"}],"about":[{"href":"https:\/\/www.veneciacr.com\/index.php\/wp-json\/wp\/v2\/types\/product"}],"replies":[{"embeddable":true,"href":"https:\/\/www.veneciacr.com\/index.php\/wp-json\/wp\/v2\/comments?post=2048"}],"wp:featuredmedia":[{"embeddable":true,"href":"https:\/\/www.veneciacr.com\/index.php\/wp-json\/wp\/v2\/media\/78897"}],"wp:attachment":[{"href":"https:\/\/www.veneciacr.com\/index.php\/wp-json\/wp\/v2\/media?parent=2048"}],"wp:term":[{"taxonomy":"product_brand","embeddable":true,"href":"https:\/\/www.veneciacr.com\/index.php\/wp-json\/wp\/v2\/product_brand?post=2048"},{"taxonomy":"product_cat","embeddable":true,"href":"https:\/\/www.veneciacr.com\/index.php\/wp-json\/wp\/v2\/product_cat?post=2048"},{"taxonomy":"product_tag","embeddable":true,"href":"https:\/\/www.veneciacr.com\/index.php\/wp-json\/wp\/v2\/product_tag?post=2048"}],"curies":[{"name":"wp","href":"https:\/\/api.w.org\/{rel}","templated":true}]}}