{"id":17,"date":"2026-05-06T01:58:38","date_gmt":"2026-05-06T07:58:38","guid":{"rendered":"http:\/\/34.83.78.142\/index.php\/product\/guantes-p-jardin-grande-gu-jar-g-truper\/"},"modified":"2026-05-06T01:58:38","modified_gmt":"2026-05-06T07:58:38","slug":"guante-jardin-grande-gu-413-truper","status":"publish","type":"product","link":"https:\/\/www.veneciacr.com\/index.php\/producto\/guante-jardin-grande-gu-413-truper\/","title":{"rendered":"GUANTE JARDIN GRANDE GU-413 TRUPER"},"content":{"rendered":"<p>Talla Grande<br \/>\nLongitud 25.5 cm<br \/>\nColor Beige \/ Verde<br \/>\nPeso 100 g<br \/>\nEmpaque Caballete<\/p>\n<p>CARACTER\u00cdSTICAS<br \/>\nFabricados en poli\u00e9ster el\u00e1stico recubierto con l\u00e1tex, lavables<br \/>\nResistentes a la abrasi\u00f3n y corte en palma y dedos<br \/>\nTexturizado antiderrapante para uso en seco y mojado<br \/>\nSin costuras internas para mayor comodidad<\/p>\n<p>USOS<br \/>\nPara jardiner\u00eda<\/p>\n","protected":false},"excerpt":{"rendered":"<p>Talla Grande Longitud 25.5 cm Color Beige \/ Verde Peso 100 g Empaque Caballete CARACTER\u00cdSTICAS Fabricados en poli\u00e9ster el\u00e1stico recubierto<\/p>\n","protected":false},"featured_media":96318,"comment_status":"closed","ping_status":"open","template":"","meta":[],"product_brand":[],"product_cat":[23,88],"product_tag":[],"class_list":{"0":"post-17","1":"product","2":"type-product","3":"status-publish","4":"has-post-thumbnail","6":"product_cat-herramientas","7":"product_cat-proteccion-y-seguridad","9":"first","10":"instock","11":"purchasable","12":"product-type-simple"},"jetpack_sharing_enabled":true,"_links":{"self":[{"href":"https:\/\/www.veneciacr.com\/index.php\/wp-json\/wp\/v2\/product\/17","targetHints":{"allow":["GET"]}}],"collection":[{"href":"https:\/\/www.veneciacr.com\/index.php\/wp-json\/wp\/v2\/product"}],"about":[{"href":"https:\/\/www.veneciacr.com\/index.php\/wp-json\/wp\/v2\/types\/product"}],"replies":[{"embeddable":true,"href":"https:\/\/www.veneciacr.com\/index.php\/wp-json\/wp\/v2\/comments?post=17"}],"wp:featuredmedia":[{"embeddable":true,"href":"https:\/\/www.veneciacr.com\/index.php\/wp-json\/wp\/v2\/media\/96318"}],"wp:attachment":[{"href":"https:\/\/www.veneciacr.com\/index.php\/wp-json\/wp\/v2\/media?parent=17"}],"wp:term":[{"taxonomy":"product_brand","embeddable":true,"href":"https:\/\/www.veneciacr.com\/index.php\/wp-json\/wp\/v2\/product_brand?post=17"},{"taxonomy":"product_cat","embeddable":true,"href":"https:\/\/www.veneciacr.com\/index.php\/wp-json\/wp\/v2\/product_cat?post=17"},{"taxonomy":"product_tag","embeddable":true,"href":"https:\/\/www.veneciacr.com\/index.php\/wp-json\/wp\/v2\/product_tag?post=17"}],"curies":[{"name":"wp","href":"https:\/\/api.w.org\/{rel}","templated":true}]}}