{"id":1692,"date":"2026-04-21T05:59:18","date_gmt":"2026-04-21T11:59:18","guid":{"rendered":"http:\/\/34.83.78.142\/index.php\/product\/enchufe-seguridad-lock-30a-l630p-aguila\/"},"modified":"2026-04-21T05:59:18","modified_gmt":"2026-04-21T11:59:18","slug":"enchufe-seguridad-lock-30a-l630p-eagle","status":"publish","type":"product","link":"https:\/\/www.veneciacr.com\/index.php\/producto\/enchufe-seguridad-lock-30a-l630p-eagle\/","title":{"rendered":"ENCHUFE SEGURIDAD LOCK 30A L630P EAGLE"},"content":{"rendered":"<table>\n<tbody>\n<tr>\n<td>Grado Industrial:<\/td>\n<td align=\"left\">S\u00ed<\/td>\n<td><\/td>\n<td>Material del Cuerpo:<\/td>\n<td align=\"left\">Termopl\u00e1stico<\/td>\n<\/tr>\n<tr>\n<td>Material de los Contactos:<\/td>\n<td align=\"left\">Bronce<\/td>\n<td><\/td>\n<td>Certificaciones:<\/td>\n<td align=\"left\">UL<\/td>\n<\/tr>\n<tr>\n<td>Configuraci\u00f3n:<\/td>\n<td align=\"left\">2 Polos, 3 Hilos<\/td>\n<td><\/td>\n<td>Corriente:<\/td>\n<td align=\"left\">30A<\/td>\n<\/tr>\n<tr>\n<td>Tipo de Enchufe:<\/td>\n<td align=\"left\">NEMA L630-P<\/td>\n<td><\/td>\n<td>Tensi\u00f3n:<\/td>\n<td align=\"left\">250V~<\/td>\n<\/tr>\n<tr>\n<td>Tipo de Cableado:<\/td>\n<td align=\"left\">Por Tornillo y Tuerca, S\u00f3lo Cable de Cobre<\/td>\n<td><\/td>\n<\/tr>\n<\/tbody>\n<\/table>\n","protected":false},"excerpt":{"rendered":"<p>Grado Industrial: S\u00ed Material del Cuerpo: Termopl\u00e1stico Material de los Contactos: Bronce Certificaciones: UL Configuraci\u00f3n: 2 Polos, 3 Hilos Corriente:<\/p>\n","protected":false},"featured_media":74958,"comment_status":"closed","ping_status":"open","template":"","meta":[],"product_brand":[],"product_cat":[80],"product_tag":[],"class_list":{"0":"post-1692","1":"product","2":"type-product","3":"status-publish","4":"has-post-thumbnail","6":"product_cat-electrico","8":"first","9":"instock","10":"purchasable","11":"product-type-simple"},"jetpack_sharing_enabled":true,"_links":{"self":[{"href":"https:\/\/www.veneciacr.com\/index.php\/wp-json\/wp\/v2\/product\/1692","targetHints":{"allow":["GET"]}}],"collection":[{"href":"https:\/\/www.veneciacr.com\/index.php\/wp-json\/wp\/v2\/product"}],"about":[{"href":"https:\/\/www.veneciacr.com\/index.php\/wp-json\/wp\/v2\/types\/product"}],"replies":[{"embeddable":true,"href":"https:\/\/www.veneciacr.com\/index.php\/wp-json\/wp\/v2\/comments?post=1692"}],"wp:featuredmedia":[{"embeddable":true,"href":"https:\/\/www.veneciacr.com\/index.php\/wp-json\/wp\/v2\/media\/74958"}],"wp:attachment":[{"href":"https:\/\/www.veneciacr.com\/index.php\/wp-json\/wp\/v2\/media?parent=1692"}],"wp:term":[{"taxonomy":"product_brand","embeddable":true,"href":"https:\/\/www.veneciacr.com\/index.php\/wp-json\/wp\/v2\/product_brand?post=1692"},{"taxonomy":"product_cat","embeddable":true,"href":"https:\/\/www.veneciacr.com\/index.php\/wp-json\/wp\/v2\/product_cat?post=1692"},{"taxonomy":"product_tag","embeddable":true,"href":"https:\/\/www.veneciacr.com\/index.php\/wp-json\/wp\/v2\/product_tag?post=1692"}],"curies":[{"name":"wp","href":"https:\/\/api.w.org\/{rel}","templated":true}]}}