{"id":1550,"date":"2026-04-21T06:06:20","date_gmt":"2026-04-21T12:06:20","guid":{"rendered":"http:\/\/34.83.78.142\/index.php\/product\/dispensador-de-cinta-2-desp-ce-truper\/"},"modified":"2026-04-21T06:06:22","modified_gmt":"2026-04-21T12:06:22","slug":"dispensador-cinta-2-desp-ce-truper","status":"publish","type":"product","link":"https:\/\/www.veneciacr.com\/index.php\/producto\/dispensador-cinta-2-desp-ce-truper\/","title":{"rendered":"DISPENSADOR CINTA 2&#8243; DESP-CE TRUPER"},"content":{"rendered":"<p>Dimensiones 250x125x630 mm<br \/>\nAncho m\u00e1ximo de cinta 48 mm<br \/>\nDi\u00e1metro m\u00e1ximo de cinta 117 mm<br \/>\nPeso sin cinta 332 g<br \/>\nEmpaque Blister<\/p>\n<p>Incluye:<br \/>\nDos rollos de cinta transparente con adhesivo acr\u00edlico de 48 mm x 50 m<\/p>\n<p>CARACTER\u00cdSTICAS<br \/>\nFabricado en acero y polipropileno de alto impacto<br \/>\nSistema &#8220;roll-on&#8221; que facilita el sellado centrado de las cajas<br \/>\nF\u00e1cil de cargar<\/p>\n<p>USOS<br \/>\nPara cerrar cajas de cart\u00f3n, sujetar o unir objetos en operaciones de embalaje<\/p>\n","protected":false},"excerpt":{"rendered":"<p>Dimensiones 250x125x630 mm Ancho m\u00e1ximo de cinta 48 mm Di\u00e1metro m\u00e1ximo de cinta 117 mm Peso sin cinta 332 g<\/p>\n","protected":false},"featured_media":74855,"comment_status":"closed","ping_status":"open","template":"","meta":[],"product_brand":[],"product_cat":[15],"product_tag":[],"class_list":{"0":"post-1550","1":"product","2":"type-product","3":"status-publish","4":"has-post-thumbnail","6":"product_cat-uncategorized","8":"first","9":"outofstock","10":"purchasable","11":"product-type-simple"},"jetpack_sharing_enabled":true,"_links":{"self":[{"href":"https:\/\/www.veneciacr.com\/index.php\/wp-json\/wp\/v2\/product\/1550","targetHints":{"allow":["GET"]}}],"collection":[{"href":"https:\/\/www.veneciacr.com\/index.php\/wp-json\/wp\/v2\/product"}],"about":[{"href":"https:\/\/www.veneciacr.com\/index.php\/wp-json\/wp\/v2\/types\/product"}],"replies":[{"embeddable":true,"href":"https:\/\/www.veneciacr.com\/index.php\/wp-json\/wp\/v2\/comments?post=1550"}],"wp:featuredmedia":[{"embeddable":true,"href":"https:\/\/www.veneciacr.com\/index.php\/wp-json\/wp\/v2\/media\/74855"}],"wp:attachment":[{"href":"https:\/\/www.veneciacr.com\/index.php\/wp-json\/wp\/v2\/media?parent=1550"}],"wp:term":[{"taxonomy":"product_brand","embeddable":true,"href":"https:\/\/www.veneciacr.com\/index.php\/wp-json\/wp\/v2\/product_brand?post=1550"},{"taxonomy":"product_cat","embeddable":true,"href":"https:\/\/www.veneciacr.com\/index.php\/wp-json\/wp\/v2\/product_cat?post=1550"},{"taxonomy":"product_tag","embeddable":true,"href":"https:\/\/www.veneciacr.com\/index.php\/wp-json\/wp\/v2\/product_tag?post=1550"}],"curies":[{"name":"wp","href":"https:\/\/api.w.org\/{rel}","templated":true}]}}