{"id":151,"date":"2026-04-21T06:35:17","date_gmt":"2026-04-21T12:35:17","guid":{"rendered":"http:\/\/34.83.78.142\/index.php\/product\/foco-recargable-5leds-lile-5p-pretul\/"},"modified":"2026-04-21T06:35:19","modified_gmt":"2026-04-21T12:35:19","slug":"foco-recargable-5leds-lile-5p-pretul","status":"publish","type":"product","link":"https:\/\/www.veneciacr.com\/index.php\/producto\/foco-recargable-5leds-lile-5p-pretul\/","title":{"rendered":"FOCO RECARGABLE 5LEDS LILE-5P PRETUL"},"content":{"rendered":"<p>Color Amarillo<br \/>\nN\u00famero de LEDs 5<br \/>\nIntensidad luminosa 20 lm<br \/>\nDuraci\u00f3n de carga 10 h<br \/>\nM\u00e1x. distancia de iluminaci\u00f3n 45 m<br \/>\n\u00c1ngulo de iluminaci\u00f3n 61\u00b0<br \/>\nVida del LED 100,000 h<br \/>\nTensi\u00f3n 127 V<br \/>\nFrecuencia 60 Hz<br \/>\nCorriente 0.1 A<br \/>\nLongitud 22 cm<br \/>\nDi\u00e1metro 6 cm<br \/>\nPeso 180 g<br \/>\nEmpaque Blister<\/p>\n<p>Incluye:<br \/>\n1 Bater\u00eda recargable de plomo-\u00e1cido de 4 Vcc, 750 mAh<\/p>\n<p>CARACTER\u00cdSTICAS<br \/>\nCuerpo fabricado en ABS de gran resistencia al impacto<br \/>\nLED rojo indicador de carga<br \/>\nSe recarga directamente de la corriente el\u00e9ctrica<\/p>\n<p>USOS<br \/>\nIdeal para campamentos, uso dom\u00e9stico e industria<\/p>\n<p>CUIDADOS<br \/>\nCargue la linterna al menos una vez cada 90 d\u00edas para que la bater\u00eda no pierda su capacidad de carga<\/p>\n","protected":false},"excerpt":{"rendered":"<p>Color Amarillo N\u00famero de LEDs 5 Intensidad luminosa 20 lm Duraci\u00f3n de carga 10 h M\u00e1x. distancia de iluminaci\u00f3n 45<\/p>\n","protected":false},"featured_media":73815,"comment_status":"closed","ping_status":"open","template":"","meta":[],"product_brand":[],"product_cat":[15],"product_tag":[],"class_list":{"0":"post-151","1":"product","2":"type-product","3":"status-publish","4":"has-post-thumbnail","6":"product_cat-uncategorized","8":"first","9":"instock","10":"purchasable","11":"product-type-simple"},"jetpack_sharing_enabled":true,"_links":{"self":[{"href":"https:\/\/www.veneciacr.com\/index.php\/wp-json\/wp\/v2\/product\/151","targetHints":{"allow":["GET"]}}],"collection":[{"href":"https:\/\/www.veneciacr.com\/index.php\/wp-json\/wp\/v2\/product"}],"about":[{"href":"https:\/\/www.veneciacr.com\/index.php\/wp-json\/wp\/v2\/types\/product"}],"replies":[{"embeddable":true,"href":"https:\/\/www.veneciacr.com\/index.php\/wp-json\/wp\/v2\/comments?post=151"}],"wp:featuredmedia":[{"embeddable":true,"href":"https:\/\/www.veneciacr.com\/index.php\/wp-json\/wp\/v2\/media\/73815"}],"wp:attachment":[{"href":"https:\/\/www.veneciacr.com\/index.php\/wp-json\/wp\/v2\/media?parent=151"}],"wp:term":[{"taxonomy":"product_brand","embeddable":true,"href":"https:\/\/www.veneciacr.com\/index.php\/wp-json\/wp\/v2\/product_brand?post=151"},{"taxonomy":"product_cat","embeddable":true,"href":"https:\/\/www.veneciacr.com\/index.php\/wp-json\/wp\/v2\/product_cat?post=151"},{"taxonomy":"product_tag","embeddable":true,"href":"https:\/\/www.veneciacr.com\/index.php\/wp-json\/wp\/v2\/product_tag?post=151"}],"curies":[{"name":"wp","href":"https:\/\/api.w.org\/{rel}","templated":true}]}}