{"id":1463,"date":"2026-04-21T06:07:14","date_gmt":"2026-04-21T12:07:14","guid":{"rendered":"http:\/\/34.83.78.142\/index.php\/product\/socket-porcelana-e-12-popo-10-voltech\/"},"modified":"2026-04-21T06:07:16","modified_gmt":"2026-04-21T12:07:16","slug":"socket-porcelana-e-12-popo-10-volteck","status":"publish","type":"product","link":"https:\/\/www.veneciacr.com\/index.php\/producto\/socket-porcelana-e-12-popo-10-volteck\/","title":{"rendered":"SOCKET PORCELANA E-12 POPO-10 VOLTECK"},"content":{"rendered":"<p>Tensi\u00f3n 125 V<br \/>\nFrecuencia 60 Hz<br \/>\nCorriente 4 A<br \/>\nAltura 2.3 cm<br \/>\nDi\u00e1metro 3.7 cm<br \/>\nTemperatura m\u00e1xima 350 \u00b0C<br \/>\nEmpaque Caballete<br \/>\nCARACTER\u00cdSTICAS<br \/>\nCuerpo fabricado de porcelana y casquillo fabricado en aleaci\u00f3n de aluminio<br \/>\nBase E12<br \/>\nDe sobreponer<br \/>\nSoporta temperaturas elevadas<\/p>\n","protected":false},"excerpt":{"rendered":"<p>Tensi\u00f3n 125 V Frecuencia 60 Hz Corriente 4 A Altura 2.3 cm Di\u00e1metro 3.7 cm Temperatura m\u00e1xima 350 \u00b0C Empaque<\/p>\n","protected":false},"featured_media":74781,"comment_status":"closed","ping_status":"open","template":"","meta":[],"product_brand":[],"product_cat":[15],"product_tag":[],"class_list":{"0":"post-1463","1":"product","2":"type-product","3":"status-publish","4":"has-post-thumbnail","6":"product_cat-uncategorized","8":"first","9":"instock","10":"purchasable","11":"product-type-simple"},"jetpack_sharing_enabled":true,"_links":{"self":[{"href":"https:\/\/www.veneciacr.com\/index.php\/wp-json\/wp\/v2\/product\/1463","targetHints":{"allow":["GET"]}}],"collection":[{"href":"https:\/\/www.veneciacr.com\/index.php\/wp-json\/wp\/v2\/product"}],"about":[{"href":"https:\/\/www.veneciacr.com\/index.php\/wp-json\/wp\/v2\/types\/product"}],"replies":[{"embeddable":true,"href":"https:\/\/www.veneciacr.com\/index.php\/wp-json\/wp\/v2\/comments?post=1463"}],"wp:featuredmedia":[{"embeddable":true,"href":"https:\/\/www.veneciacr.com\/index.php\/wp-json\/wp\/v2\/media\/74781"}],"wp:attachment":[{"href":"https:\/\/www.veneciacr.com\/index.php\/wp-json\/wp\/v2\/media?parent=1463"}],"wp:term":[{"taxonomy":"product_brand","embeddable":true,"href":"https:\/\/www.veneciacr.com\/index.php\/wp-json\/wp\/v2\/product_brand?post=1463"},{"taxonomy":"product_cat","embeddable":true,"href":"https:\/\/www.veneciacr.com\/index.php\/wp-json\/wp\/v2\/product_cat?post=1463"},{"taxonomy":"product_tag","embeddable":true,"href":"https:\/\/www.veneciacr.com\/index.php\/wp-json\/wp\/v2\/product_tag?post=1463"}],"curies":[{"name":"wp","href":"https:\/\/api.w.org\/{rel}","templated":true}]}}