{"id":127,"date":"2026-04-26T02:19:57","date_gmt":"2026-04-26T08:19:57","guid":{"rendered":"http:\/\/34.83.78.142\/index.php\/product\/aspersor-c-brazo-redondo-r-504-foset\/"},"modified":"2026-04-26T02:19:57","modified_gmt":"2026-04-26T08:19:57","slug":"aspersor-con-brazo-redondo-r-504-foset","status":"publish","type":"product","link":"https:\/\/www.veneciacr.com\/index.php\/producto\/aspersor-con-brazo-redondo-r-504-foset\/","title":{"rendered":"ASPERSOR CON BRAZO REDONDO R-504 FOSET"},"content":{"rendered":"<p>Ahorradora en baja presi\u00f3n<\/p>\n<p>Cabeza met\u00e1lica<\/p>\n<p>Brazo de acero cromado y chapet\u00f3n de acero inoxidable<\/p>\n<p>Para mayor flujo de agua se puede retirar el reductor<\/p>\n<table class=\"table table-bordered table_info_prod align-middle m-0\">\n<tbody>\n<tr id=\"tabla_especs\">\n<th class=\"tamanio_th_especs\" scope=\"row\">\n<p class=\"margen_tabla_especs\">Di\u00e1metro de la cabeza<\/p>\n<\/th>\n<td>\n<p class=\"margen_tabla_especs\">3 1\/2&#8243; (9 cm)<\/p>\n<\/td>\n<\/tr>\n<tr id=\"tabla_especs\">\n<th class=\"tamanio_th_especs\" scope=\"row\">\n<p class=\"margen_tabla_especs\">Presi\u00f3n de trabajo<\/p>\n<\/th>\n<td>\n<p class=\"margen_tabla_especs\">0.25 kgf\/cm\u00b2 a 6\u00a0kgf\/cm\u00b2<\/p>\n<\/td>\n<\/tr>\n<tr id=\"tabla_especs\">\n<th class=\"tamanio_th_especs\" scope=\"row\">\n<p class=\"margen_tabla_especs\">Brazo<\/p>\n<\/th>\n<td>\n<p class=\"margen_tabla_especs\">14 cm<\/p>\n<\/td>\n<\/tr>\n<tr id=\"tabla_especs\">\n<th class=\"tamanio_th_especs\" scope=\"row\">\n<p class=\"margen_tabla_especs\">Peso<\/p>\n<\/th>\n<td>\n<p class=\"margen_tabla_especs\">267 g<\/p>\n<\/td>\n<\/tr>\n<\/tbody>\n<\/table>\n","protected":false},"excerpt":{"rendered":"<p>Ahorradora en baja presi\u00f3n Cabeza met\u00e1lica Brazo de acero cromado y chapet\u00f3n de acero inoxidable Para mayor flujo de agua<\/p>\n","protected":false},"featured_media":73797,"comment_status":"closed","ping_status":"open","template":"","meta":[],"product_brand":[],"product_cat":[15],"product_tag":[],"class_list":{"0":"post-127","1":"product","2":"type-product","3":"status-publish","4":"has-post-thumbnail","6":"product_cat-uncategorized","8":"first","9":"instock","10":"purchasable","11":"product-type-simple"},"jetpack_sharing_enabled":true,"_links":{"self":[{"href":"https:\/\/www.veneciacr.com\/index.php\/wp-json\/wp\/v2\/product\/127","targetHints":{"allow":["GET"]}}],"collection":[{"href":"https:\/\/www.veneciacr.com\/index.php\/wp-json\/wp\/v2\/product"}],"about":[{"href":"https:\/\/www.veneciacr.com\/index.php\/wp-json\/wp\/v2\/types\/product"}],"replies":[{"embeddable":true,"href":"https:\/\/www.veneciacr.com\/index.php\/wp-json\/wp\/v2\/comments?post=127"}],"wp:featuredmedia":[{"embeddable":true,"href":"https:\/\/www.veneciacr.com\/index.php\/wp-json\/wp\/v2\/media\/73797"}],"wp:attachment":[{"href":"https:\/\/www.veneciacr.com\/index.php\/wp-json\/wp\/v2\/media?parent=127"}],"wp:term":[{"taxonomy":"product_brand","embeddable":true,"href":"https:\/\/www.veneciacr.com\/index.php\/wp-json\/wp\/v2\/product_brand?post=127"},{"taxonomy":"product_cat","embeddable":true,"href":"https:\/\/www.veneciacr.com\/index.php\/wp-json\/wp\/v2\/product_cat?post=127"},{"taxonomy":"product_tag","embeddable":true,"href":"https:\/\/www.veneciacr.com\/index.php\/wp-json\/wp\/v2\/product_tag?post=127"}],"curies":[{"name":"wp","href":"https:\/\/api.w.org\/{rel}","templated":true}]}}