{"id":1238,"date":"2026-04-27T02:14:50","date_gmt":"2026-04-27T08:14:50","guid":{"rendered":"http:\/\/34.83.78.142\/index.php\/product\/mosqueton-1-4-bma-1-4-truper\/"},"modified":"2026-04-27T02:14:50","modified_gmt":"2026-04-27T08:14:50","slug":"mosqueton-1-4-bma-1-4-truper","status":"publish","type":"product","link":"https:\/\/www.veneciacr.com\/index.php\/producto\/mosqueton-1-4-bma-1-4-truper\/","title":{"rendered":"MOSQUETON 1\/4&#8243; BMA-1\/4 TRUPER"},"content":{"rendered":"<p>Cuerpo fabricado en acero al carbono<br \/>\nAcabado en zinc<br \/>\nCierre f\u00e1cil y r\u00e1pido<br \/>\n44038-01<\/p>\n<p>ESPECIFICACIONES<br \/>\nL\u00edmite de carga 120 Kg<br \/>\nEspesor (A) 1\/4&#8243; (6 mm)<br \/>\nLargo (B) 2-1\/2&#8243; (64 mm )<\/p>\n<p>APLICACIONES<br \/>\nIdeal para conexi\u00f3n instant\u00e1nea de cables y cuerdas<\/p>\n<p>CUIDADOS<br \/>\nNo exceda el l\u00edmite de carga de trabajo<\/p>\n","protected":false},"excerpt":{"rendered":"<p>Cuerpo fabricado en acero al carbono Acabado en zinc Cierre f\u00e1cil y r\u00e1pido 44038-01 ESPECIFICACIONES L\u00edmite de carga 120 Kg<\/p>\n","protected":false},"featured_media":74628,"comment_status":"closed","ping_status":"open","template":"","meta":[],"product_brand":[],"product_cat":[15],"product_tag":[],"class_list":{"0":"post-1238","1":"product","2":"type-product","3":"status-publish","4":"has-post-thumbnail","6":"product_cat-uncategorized","8":"first","9":"instock","10":"purchasable","11":"product-type-simple"},"jetpack_sharing_enabled":true,"_links":{"self":[{"href":"https:\/\/www.veneciacr.com\/index.php\/wp-json\/wp\/v2\/product\/1238","targetHints":{"allow":["GET"]}}],"collection":[{"href":"https:\/\/www.veneciacr.com\/index.php\/wp-json\/wp\/v2\/product"}],"about":[{"href":"https:\/\/www.veneciacr.com\/index.php\/wp-json\/wp\/v2\/types\/product"}],"replies":[{"embeddable":true,"href":"https:\/\/www.veneciacr.com\/index.php\/wp-json\/wp\/v2\/comments?post=1238"}],"wp:featuredmedia":[{"embeddable":true,"href":"https:\/\/www.veneciacr.com\/index.php\/wp-json\/wp\/v2\/media\/74628"}],"wp:attachment":[{"href":"https:\/\/www.veneciacr.com\/index.php\/wp-json\/wp\/v2\/media?parent=1238"}],"wp:term":[{"taxonomy":"product_brand","embeddable":true,"href":"https:\/\/www.veneciacr.com\/index.php\/wp-json\/wp\/v2\/product_brand?post=1238"},{"taxonomy":"product_cat","embeddable":true,"href":"https:\/\/www.veneciacr.com\/index.php\/wp-json\/wp\/v2\/product_cat?post=1238"},{"taxonomy":"product_tag","embeddable":true,"href":"https:\/\/www.veneciacr.com\/index.php\/wp-json\/wp\/v2\/product_tag?post=1238"}],"curies":[{"name":"wp","href":"https:\/\/api.w.org\/{rel}","templated":true}]}}