{"id":10178,"date":"2026-04-21T06:18:44","date_gmt":"2026-04-21T12:18:44","guid":{"rendered":"https:\/\/www.veneciacr.com\/index.php\/producto\/recolector-de-frutas-frut-truper-2\/"},"modified":"2026-04-21T06:18:46","modified_gmt":"2026-04-21T12:18:46","slug":"recolector-frutas-frut-truper","status":"publish","type":"product","link":"https:\/\/www.veneciacr.com\/index.php\/producto\/recolector-frutas-frut-truper\/","title":{"rendered":"RECOLECTOR FRUTAS FRUT TRUPER"},"content":{"rendered":"<p>Longitud 13&#8243; (330mm)<br \/>\nDi\u00e1metro 6&#8243; (150mm)<br \/>\nApertura m\u00e1xima de abrazadera 38 mm<br \/>\nPeso 332 g<br \/>\nEmpaque Granel<\/p>\n<p>CARACTER\u00cdSTICAS<br \/>\nFabricado en acero, ligero, seguro y f\u00e1cil de maniobrar<br \/>\nCanastilla con garras para corte de frutos con gran facilidad<br \/>\nCoj\u00edn de espuma para evitar que la fruta se da\u00f1e<br \/>\nAbrazadera ajustable para asegurar el mango de su preferencia y medida necesaria<\/p>\n<p>USOS<br \/>\nPara recolectar fruta dif\u00edcil de alcanzar sin usar escalera<br \/>\nIdeal para manzanas, duraznos, naranjas, chabacanos, ciruelas, etc\u00e9tera<\/p>\n","protected":false},"excerpt":{"rendered":"<p>Longitud 13&#8243; (330mm) Di\u00e1metro 6&#8243; (150mm) Apertura m\u00e1xima de abrazadera 38 mm Peso 332 g Empaque Granel CARACTER\u00cdSTICAS Fabricado en<\/p>\n","protected":false},"featured_media":888,"comment_status":"closed","ping_status":"open","template":"","meta":[],"product_brand":[],"product_cat":[15],"product_tag":[],"class_list":{"0":"post-10178","1":"product","2":"type-product","3":"status-publish","4":"has-post-thumbnail","6":"product_cat-uncategorized","8":"first","9":"instock","10":"purchasable","11":"product-type-simple"},"jetpack_sharing_enabled":true,"_links":{"self":[{"href":"https:\/\/www.veneciacr.com\/index.php\/wp-json\/wp\/v2\/product\/10178","targetHints":{"allow":["GET"]}}],"collection":[{"href":"https:\/\/www.veneciacr.com\/index.php\/wp-json\/wp\/v2\/product"}],"about":[{"href":"https:\/\/www.veneciacr.com\/index.php\/wp-json\/wp\/v2\/types\/product"}],"replies":[{"embeddable":true,"href":"https:\/\/www.veneciacr.com\/index.php\/wp-json\/wp\/v2\/comments?post=10178"}],"wp:featuredmedia":[{"embeddable":true,"href":"https:\/\/www.veneciacr.com\/index.php\/wp-json\/wp\/v2\/media\/888"}],"wp:attachment":[{"href":"https:\/\/www.veneciacr.com\/index.php\/wp-json\/wp\/v2\/media?parent=10178"}],"wp:term":[{"taxonomy":"product_brand","embeddable":true,"href":"https:\/\/www.veneciacr.com\/index.php\/wp-json\/wp\/v2\/product_brand?post=10178"},{"taxonomy":"product_cat","embeddable":true,"href":"https:\/\/www.veneciacr.com\/index.php\/wp-json\/wp\/v2\/product_cat?post=10178"},{"taxonomy":"product_tag","embeddable":true,"href":"https:\/\/www.veneciacr.com\/index.php\/wp-json\/wp\/v2\/product_tag?post=10178"}],"curies":[{"name":"wp","href":"https:\/\/api.w.org\/{rel}","templated":true}]}}