{"id":101539,"date":"2026-04-21T01:54:10","date_gmt":"2026-04-21T07:54:10","guid":{"rendered":"https:\/\/www.veneciacr.com\/index.php\/producto\/set-2-manguera-entrada-lavadora-95cm-flv-095p-foset\/"},"modified":"2026-04-21T01:54:11","modified_gmt":"2026-04-21T07:54:11","slug":"set-2-manguera-entrada-lavadora-95cm-flv-095p-foset","status":"publish","type":"product","link":"https:\/\/www.veneciacr.com\/index.php\/producto\/set-2-manguera-entrada-lavadora-95cm-flv-095p-foset\/","title":{"rendered":"SET 2 MANGUERA ENTRADA LAVADORA 95CM FLV-095P FOSET"},"content":{"rendered":"<p>Tuercas 3\/4\u201d de POM<\/p>\n<p>Conexiones de color para f\u00e1cil identificaci\u00f3n de agua (fr\u00eda y caliente)<\/p>\n<p>F\u00e9rulas de aluminio<\/p>\n<p>Trenzado de poli\u00e9ster con cubierta de PVC sobre manguera de PVC<\/p>\n<p>Empaques de hule<\/p>\n<p>&nbsp;<\/p>\n<div class=\"col vinieta_class\"><img loading=\"lazy\" decoding=\"async\" class=\"img_vinietas\" src=\"https:\/\/www.truper.com\/admin\/images\/vinietas\/49779-01.svg\" width=\"135\" height=\"135\" \/><\/p>\n<div class=\"row text-center text_vin\">Para lavadora<\/div>\n<\/div>\n<div class=\"col vinieta_class\"><img loading=\"lazy\" decoding=\"async\" class=\"img_vinietas\" src=\"https:\/\/www.truper.com\/admin\/images\/vinietas\/FLEXIBLE-01.svg\" width=\"134\" height=\"134\" \/><\/p>\n<div class=\"row text-center text_vin\">Gran flexibilidad, ideal para lugares reducidos<\/div>\n<\/div>\n<div class=\"col vinieta_class\"><img loading=\"lazy\" decoding=\"async\" class=\"img_vinietas\" src=\"https:\/\/www.truper.com\/admin\/images\/vinietas\/Conexiones%20de%20color.svg\" width=\"128\" height=\"128\" \/><\/p>\n<div class=\"row text-center text_vin\">F\u00e1cil identificaci\u00f3n<\/div>\n<\/div>\n<div><\/div>\n<div>\n<div class=\"col-6\">\n<div class=\"table-responsive tabla_border\">\n<table class=\"table table-bordered table_info_prod align-middle m-0\">\n<tbody>\n<tr id=\"tabla_especs\">\n<th class=\"tamanio_th_especs\" scope=\"row\">\n<p class=\"margen_tabla_especs\">Medidas de tuercas<\/p>\n<\/th>\n<td>\n<p class=\"margen_tabla_especs\">3\/4&#8243; (19 mm) x 3\/4&#8243; (19 mm)<\/p>\n<\/td>\n<\/tr>\n<tr id=\"tabla_especs\">\n<th class=\"tamanio_th_especs\" scope=\"row\">\n<p class=\"margen_tabla_especs\">Presi\u00f3n m\u00e1xima<\/p>\n<\/th>\n<td>\n<p class=\"margen_tabla_especs\">862 kPa (125 psi)<\/p>\n<\/td>\n<\/tr>\n<tr id=\"tabla_especs\">\n<th class=\"tamanio_th_especs\" scope=\"row\">\n<p class=\"margen_tabla_especs\">Peso<\/p>\n<\/th>\n<td>\n<p class=\"margen_tabla_especs\">179 g<\/p>\n<\/td>\n<\/tr>\n<\/tbody>\n<\/table>\n<\/div>\n<\/div>\n<div class=\"col-6\">\n<div class=\"table-responsive tabla_border\">\n<table class=\"table table-bordered table_info_prod align-middle m-0\">\n<tbody>\n<tr id=\"tabla_especs\">\n<th class=\"tamanio_th_especs\" scope=\"row\">\n<p class=\"margen_tabla_especs\">Largo<\/p>\n<\/th>\n<td>\n<p class=\"margen_tabla_especs\">95 cm<\/p>\n<\/td>\n<\/tr>\n<tr id=\"tabla_especs\">\n<th class=\"tamanio_th_especs\" scope=\"row\">\n<p class=\"margen_tabla_especs\">Temperatura m\u00e1xima<\/p>\n<\/th>\n<td>\n<p class=\"margen_tabla_especs\">71\u00b0 C (160 \u00b0F)<\/p>\n<\/td>\n<\/tr>\n<\/tbody>\n<\/table>\n<\/div>\n<\/div>\n<\/div>\n","protected":false},"excerpt":{"rendered":"<p>Tuercas 3\/4\u201d de POM Conexiones de color para f\u00e1cil identificaci\u00f3n de agua (fr\u00eda y caliente) F\u00e9rulas de aluminio Trenzado de<\/p>\n","protected":false},"featured_media":101540,"comment_status":"closed","ping_status":"open","template":"","meta":[],"product_brand":[],"product_cat":[15],"product_tag":[],"class_list":{"0":"post-101539","1":"product","2":"type-product","3":"status-publish","4":"has-post-thumbnail","6":"product_cat-uncategorized","8":"first","9":"instock","10":"purchasable","11":"product-type-simple"},"jetpack_sharing_enabled":true,"_links":{"self":[{"href":"https:\/\/www.veneciacr.com\/index.php\/wp-json\/wp\/v2\/product\/101539","targetHints":{"allow":["GET"]}}],"collection":[{"href":"https:\/\/www.veneciacr.com\/index.php\/wp-json\/wp\/v2\/product"}],"about":[{"href":"https:\/\/www.veneciacr.com\/index.php\/wp-json\/wp\/v2\/types\/product"}],"replies":[{"embeddable":true,"href":"https:\/\/www.veneciacr.com\/index.php\/wp-json\/wp\/v2\/comments?post=101539"}],"wp:featuredmedia":[{"embeddable":true,"href":"https:\/\/www.veneciacr.com\/index.php\/wp-json\/wp\/v2\/media\/101540"}],"wp:attachment":[{"href":"https:\/\/www.veneciacr.com\/index.php\/wp-json\/wp\/v2\/media?parent=101539"}],"wp:term":[{"taxonomy":"product_brand","embeddable":true,"href":"https:\/\/www.veneciacr.com\/index.php\/wp-json\/wp\/v2\/product_brand?post=101539"},{"taxonomy":"product_cat","embeddable":true,"href":"https:\/\/www.veneciacr.com\/index.php\/wp-json\/wp\/v2\/product_cat?post=101539"},{"taxonomy":"product_tag","embeddable":true,"href":"https:\/\/www.veneciacr.com\/index.php\/wp-json\/wp\/v2\/product_tag?post=101539"}],"curies":[{"name":"wp","href":"https:\/\/api.w.org\/{rel}","templated":true}]}}