{"id":101537,"date":"2026-04-21T01:54:10","date_gmt":"2026-04-21T07:54:10","guid":{"rendered":"https:\/\/www.veneciacr.com\/index.php\/producto\/silleta-rosca-1-2-x-1-2-metal-cc-1212d-foset\/"},"modified":"2026-04-21T01:54:10","modified_gmt":"2026-04-21T07:54:10","slug":"silleta-rosca-1-2-x-1-2-metal-cc-1212d-foset","status":"publish","type":"product","link":"https:\/\/www.veneciacr.com\/index.php\/producto\/silleta-rosca-1-2-x-1-2-metal-cc-1212d-foset\/","title":{"rendered":"SILLETA ROSCA 1\/2 X 1\/2&#8243; METAL CC-1212D FOSET"},"content":{"rendered":"<p>Fabricada en lat\u00f3n<\/p>\n<p>4 Tornillos con cabeza allen<\/p>\n<p>Para tuber\u00edas de alta y baja presi\u00f3n de cobre y CPVC<\/p>\n<p>Empaque de hule EPDM que evita fugas<\/p>\n","protected":false},"excerpt":{"rendered":"<p>Fabricada en lat\u00f3n 4 Tornillos con cabeza allen Para tuber\u00edas de alta y baja presi\u00f3n de cobre y CPVC Empaque<\/p>\n","protected":false},"featured_media":101538,"comment_status":"closed","ping_status":"open","template":"","meta":[],"product_brand":[],"product_cat":[15],"product_tag":[],"class_list":{"0":"post-101537","1":"product","2":"type-product","3":"status-publish","4":"has-post-thumbnail","6":"product_cat-uncategorized","8":"first","9":"instock","10":"purchasable","11":"product-type-simple"},"jetpack_sharing_enabled":true,"_links":{"self":[{"href":"https:\/\/www.veneciacr.com\/index.php\/wp-json\/wp\/v2\/product\/101537","targetHints":{"allow":["GET"]}}],"collection":[{"href":"https:\/\/www.veneciacr.com\/index.php\/wp-json\/wp\/v2\/product"}],"about":[{"href":"https:\/\/www.veneciacr.com\/index.php\/wp-json\/wp\/v2\/types\/product"}],"replies":[{"embeddable":true,"href":"https:\/\/www.veneciacr.com\/index.php\/wp-json\/wp\/v2\/comments?post=101537"}],"wp:featuredmedia":[{"embeddable":true,"href":"https:\/\/www.veneciacr.com\/index.php\/wp-json\/wp\/v2\/media\/101538"}],"wp:attachment":[{"href":"https:\/\/www.veneciacr.com\/index.php\/wp-json\/wp\/v2\/media?parent=101537"}],"wp:term":[{"taxonomy":"product_brand","embeddable":true,"href":"https:\/\/www.veneciacr.com\/index.php\/wp-json\/wp\/v2\/product_brand?post=101537"},{"taxonomy":"product_cat","embeddable":true,"href":"https:\/\/www.veneciacr.com\/index.php\/wp-json\/wp\/v2\/product_cat?post=101537"},{"taxonomy":"product_tag","embeddable":true,"href":"https:\/\/www.veneciacr.com\/index.php\/wp-json\/wp\/v2\/product_tag?post=101537"}],"curies":[{"name":"wp","href":"https:\/\/api.w.org\/{rel}","templated":true}]}}