{"id":101464,"date":"2026-04-21T01:54:16","date_gmt":"2026-04-21T07:54:16","guid":{"rendered":"https:\/\/www.veneciacr.com\/index.php\/producto\/aceite-gata-hidraulica-370ml-22012-rislone\/"},"modified":"2026-04-21T01:54:18","modified_gmt":"2026-04-21T07:54:18","slug":"aceite-gata-hidraulica-370ml-22012-rislone","status":"publish","type":"product","link":"https:\/\/www.veneciacr.com\/index.php\/producto\/aceite-gata-hidraulica-370ml-22012-rislone\/","title":{"rendered":"ACEITE GATA HIDRAULICA 370ML 22012 RISLONE"},"content":{"rendered":"<p>ACEITE PARA GATOS HIDR\u00c1ULICOS CON SELLADOR DE FUGAS<\/p>\n<p>Recupera la funcionalidad de los gatos viejos y previene las fugas y filtraciones en los gatos m\u00e1s nuevos. Reacondiciona las juntas deteniendo fugas actuales y evitando las futuras. Puede usarse con todo tipo de gatos de pie y de botella. Se mezcla con todos los aceites para gatos hidr\u00e1ulicos aprobados. Incluye una tapa para rellenar f\u00e1cilmente, ideal para llenar hasta el tope. Funciona tambi\u00e9n con todo tipo de l\u00edquidos para dispositivos quitanieve.<\/p>\n<p>&nbsp;<\/p>\n<p>PROBLEMAS M\u00c1S COMUNES DE LOS GATOS HIDR\u00c1ULICOS LA SOLUCI\u00d3N, ACEITE PARA GATOS HIDR\u00c1ULICOS CON SELLADOR DE FUGAS BAR\u2019S \u2022 Fugas \u2022 Detiene las fugas \u2022 Juntas desgastadas\/ resecas \u2022 Previene las fugas \u2022 Acondiciona las juntas<\/p>\n","protected":false},"excerpt":{"rendered":"<p>ACEITE PARA GATOS HIDR\u00c1ULICOS CON SELLADOR DE FUGAS Recupera la funcionalidad de los gatos viejos y previene las fugas y<\/p>\n","protected":false},"featured_media":101471,"comment_status":"closed","ping_status":"open","template":"","meta":[],"product_brand":[],"product_cat":[15],"product_tag":[],"class_list":{"0":"post-101464","1":"product","2":"type-product","3":"status-publish","4":"has-post-thumbnail","6":"product_cat-uncategorized","8":"first","9":"instock","10":"purchasable","11":"product-type-simple"},"jetpack_sharing_enabled":true,"_links":{"self":[{"href":"https:\/\/www.veneciacr.com\/index.php\/wp-json\/wp\/v2\/product\/101464","targetHints":{"allow":["GET"]}}],"collection":[{"href":"https:\/\/www.veneciacr.com\/index.php\/wp-json\/wp\/v2\/product"}],"about":[{"href":"https:\/\/www.veneciacr.com\/index.php\/wp-json\/wp\/v2\/types\/product"}],"replies":[{"embeddable":true,"href":"https:\/\/www.veneciacr.com\/index.php\/wp-json\/wp\/v2\/comments?post=101464"}],"wp:featuredmedia":[{"embeddable":true,"href":"https:\/\/www.veneciacr.com\/index.php\/wp-json\/wp\/v2\/media\/101471"}],"wp:attachment":[{"href":"https:\/\/www.veneciacr.com\/index.php\/wp-json\/wp\/v2\/media?parent=101464"}],"wp:term":[{"taxonomy":"product_brand","embeddable":true,"href":"https:\/\/www.veneciacr.com\/index.php\/wp-json\/wp\/v2\/product_brand?post=101464"},{"taxonomy":"product_cat","embeddable":true,"href":"https:\/\/www.veneciacr.com\/index.php\/wp-json\/wp\/v2\/product_cat?post=101464"},{"taxonomy":"product_tag","embeddable":true,"href":"https:\/\/www.veneciacr.com\/index.php\/wp-json\/wp\/v2\/product_tag?post=101464"}],"curies":[{"name":"wp","href":"https:\/\/api.w.org\/{rel}","templated":true}]}}