{"id":101441,"date":"2026-04-21T01:54:19","date_gmt":"2026-04-21T07:54:19","guid":{"rendered":"https:\/\/www.veneciacr.com\/index.php\/producto\/sopladora-aspiradora-800w-sopla-800-truper\/"},"modified":"2026-04-21T01:54:20","modified_gmt":"2026-04-21T07:54:20","slug":"sopladora-aspiradora-800w-sopla-800-truper","status":"publish","type":"product","link":"https:\/\/www.veneciacr.com\/index.php\/producto\/sopladora-aspiradora-800w-sopla-800-truper\/","title":{"rendered":"SOPLADORA\/ASPIRADORA 800W SOPLA-800 TRUPER"},"content":{"rendered":"<p>Motor de 800 W<\/p>\n<p>Cambia r\u00e1pidamente de sopladora a aspiradora al girar la salida<\/p>\n<p>Velocidad variable 7 niveles<\/p>\n<p>Ideal para la limpieza de equipo electr\u00f3nico, c\u00f3mputo, \u00e1reas de trabajo y lugares de dif\u00edcil acceso<\/p>\n<p>Dise\u00f1o ligero y ergon\u00f3mico, operaci\u00f3n a una mano<\/p>\n<p>&nbsp;<\/p>\n<div class=\"col-6\">\n<div class=\"table-responsive tabla_border\">\n<table class=\"table table-bordered table_info_prod align-middle m-0\">\n<tbody>\n<tr id=\"tabla_especs\">\n<th class=\"tamanio_th_especs\" scope=\"row\">\n<p class=\"margen_tabla_especs\">Potencia<\/p>\n<\/th>\n<td>\n<p class=\"margen_tabla_especs\">800 W<\/p>\n<\/td>\n<\/tr>\n<tr id=\"tabla_especs\">\n<th class=\"tamanio_th_especs\" scope=\"row\">\n<p class=\"margen_tabla_especs\">Flujo de aire<\/p>\n<\/th>\n<td>\n<p class=\"margen_tabla_especs\">106 CFM<\/p>\n<\/td>\n<\/tr>\n<tr id=\"tabla_especs\">\n<th class=\"tamanio_th_especs\" scope=\"row\">\n<p class=\"margen_tabla_especs\">Tensi\u00f3n \/ Frecuencia<\/p>\n<\/th>\n<td>\n<p class=\"margen_tabla_especs\">127 V \/ 60 Hz<\/p>\n<\/td>\n<\/tr>\n<tr id=\"tabla_especs\">\n<th class=\"tamanio_th_especs\" scope=\"row\">\n<p class=\"margen_tabla_especs\">Largo de cable<\/p>\n<\/th>\n<td>\n<p class=\"margen_tabla_especs\">1.7 m<\/p>\n<\/td>\n<\/tr>\n<tr id=\"tabla_especs\">\n<th class=\"tamanio_th_especs\" scope=\"row\">\n<p class=\"margen_tabla_especs\">Ciclo de trabajo<\/p>\n<\/th>\n<td>\n<p class=\"margen_tabla_especs\">30 minutos de trabajo por 15 minutos de descanso. M\u00e1ximo diario 3 horas<\/p>\n<\/td>\n<\/tr>\n<\/tbody>\n<\/table>\n<\/div>\n<\/div>\n<div class=\"col-6\">\n<div class=\"table-responsive tabla_border\">\n<table class=\"table table-bordered table_info_prod align-middle m-0\">\n<tbody>\n<tr id=\"tabla_especs\">\n<th class=\"tamanio_th_especs\" scope=\"row\">\n<p class=\"margen_tabla_especs\">Velocidad m\u00e1xima<\/p>\n<\/th>\n<td>\n<p class=\"margen_tabla_especs\">15,000 rpm<\/p>\n<\/td>\n<\/tr>\n<tr id=\"tabla_especs\">\n<th class=\"tamanio_th_especs\" scope=\"row\">\n<p class=\"margen_tabla_especs\">Velocidad variable<\/p>\n<\/th>\n<td>\n<p class=\"margen_tabla_especs\">108 &#8211; 273 km\/h<\/p>\n<\/td>\n<\/tr>\n<tr id=\"tabla_especs\">\n<th class=\"tamanio_th_especs\" scope=\"row\">\n<p class=\"margen_tabla_especs\">Consumo<\/p>\n<\/th>\n<td>\n<p class=\"margen_tabla_especs\">6 A<\/p>\n<\/td>\n<\/tr>\n<tr id=\"tabla_especs\">\n<th class=\"tamanio_th_especs\" scope=\"row\">\n<p class=\"margen_tabla_especs\">Dimensiones (Largo x Alto)<\/p>\n<\/th>\n<td>\n<p class=\"margen_tabla_especs\">55 cm x 28 cm<\/p>\n<\/td>\n<\/tr>\n<tr id=\"tabla_especs\">\n<th class=\"tamanio_th_especs\" scope=\"row\">\n<p class=\"margen_tabla_especs\">Peso<\/p>\n<\/th>\n<td>\n<p class=\"margen_tabla_especs\">1.9 kg<\/p>\n<\/td>\n<\/tr>\n<\/tbody>\n<\/table>\n<\/div>\n<\/div>\n<p>&nbsp;<\/p>\n<div class=\"col-6\">\n<div class=\"table-responsive tabla_border\">\n<table class=\"table table-bordered table_info_prod align-middle m-0\">\n<tbody>\n<tr id=\"tabla_especs\">\n<td>\n<p class=\"margen_tabla_especs\">Boquilla tipo garra<\/p>\n<\/td>\n<\/tr>\n<tr id=\"tabla_especs\">\n<td>\n<p class=\"margen_tabla_especs\">Tubo soplador<\/p>\n<\/td>\n<\/tr>\n<tr id=\"tabla_especs\">\n<td>\n<p class=\"margen_tabla_especs\">Manguera flexible de 1 m<\/p>\n<\/td>\n<\/tr>\n<\/tbody>\n<\/table>\n<\/div>\n<\/div>\n<div class=\"col-6\">\n<div class=\"table-responsive tabla_border\">\n<table class=\"table table-bordered table_info_prod align-middle m-0\">\n<tbody>\n<tr id=\"tabla_especs\">\n<td>\n<p class=\"margen_tabla_especs\">Boquilla para ranuras<\/p>\n<\/td>\n<\/tr>\n<tr id=\"tabla_especs\">\n<td>\n<p class=\"margen_tabla_especs\">Bolsa recolectora<\/p>\n<\/td>\n<\/tr>\n<tr id=\"tabla_especs\">\n<td>\n<p class=\"margen_tabla_especs\">Carbones de repuesto<\/p>\n<\/td>\n<\/tr>\n<\/tbody>\n<\/table>\n<\/div>\n<\/div>\n","protected":false},"excerpt":{"rendered":"<p>Motor de 800 W Cambia r\u00e1pidamente de sopladora a aspiradora al girar la salida Velocidad variable 7 niveles Ideal para<\/p>\n","protected":false},"featured_media":101442,"comment_status":"closed","ping_status":"open","template":"","meta":[],"product_brand":[],"product_cat":[15],"product_tag":[],"class_list":{"0":"post-101441","1":"product","2":"type-product","3":"status-publish","4":"has-post-thumbnail","6":"product_cat-uncategorized","8":"first","9":"instock","10":"purchasable","11":"product-type-simple"},"jetpack_sharing_enabled":true,"_links":{"self":[{"href":"https:\/\/www.veneciacr.com\/index.php\/wp-json\/wp\/v2\/product\/101441","targetHints":{"allow":["GET"]}}],"collection":[{"href":"https:\/\/www.veneciacr.com\/index.php\/wp-json\/wp\/v2\/product"}],"about":[{"href":"https:\/\/www.veneciacr.com\/index.php\/wp-json\/wp\/v2\/types\/product"}],"replies":[{"embeddable":true,"href":"https:\/\/www.veneciacr.com\/index.php\/wp-json\/wp\/v2\/comments?post=101441"}],"wp:featuredmedia":[{"embeddable":true,"href":"https:\/\/www.veneciacr.com\/index.php\/wp-json\/wp\/v2\/media\/101442"}],"wp:attachment":[{"href":"https:\/\/www.veneciacr.com\/index.php\/wp-json\/wp\/v2\/media?parent=101441"}],"wp:term":[{"taxonomy":"product_brand","embeddable":true,"href":"https:\/\/www.veneciacr.com\/index.php\/wp-json\/wp\/v2\/product_brand?post=101441"},{"taxonomy":"product_cat","embeddable":true,"href":"https:\/\/www.veneciacr.com\/index.php\/wp-json\/wp\/v2\/product_cat?post=101441"},{"taxonomy":"product_tag","embeddable":true,"href":"https:\/\/www.veneciacr.com\/index.php\/wp-json\/wp\/v2\/product_tag?post=101441"}],"curies":[{"name":"wp","href":"https:\/\/api.w.org\/{rel}","templated":true}]}}