{"id":101436,"date":"2026-04-21T01:54:19","date_gmt":"2026-04-21T07:54:19","guid":{"rendered":"https:\/\/www.veneciacr.com\/index.php\/producto\/termometro-infrarojo-50-500c-mete-500-truper\/"},"modified":"2026-04-21T01:54:21","modified_gmt":"2026-04-21T07:54:21","slug":"termometro-infrarojo-50-500c-mete-500-truper","status":"publish","type":"product","link":"https:\/\/www.veneciacr.com\/index.php\/producto\/termometro-infrarojo-50-500c-mete-500-truper\/","title":{"rendered":"TERMOMETRO INFRAROJO -50-500C METE-500 TRUPER"},"content":{"rendered":"<p>Dise\u00f1o compacto, ergon\u00f3mico y de f\u00e1cil manejo<\/p>\n<p>Medici\u00f3n sin contacto para puntos de dif\u00edcil acceso o de riesgo<\/p>\n<p>Tecnolog\u00eda l\u00e1ser con radio \u00f3ptico de 12:1 que permite una medici\u00f3n de temperatura precisa<\/p>\n<p>Display digital con iluminaci\u00f3n<\/p>\n<p>Para uso industrial y automotriz<\/p>\n<div class=\"col-6\">\n<div class=\"table-responsive tabla_border\">\n<table class=\"table table-bordered table_info_prod align-middle m-0\">\n<tbody>\n<tr id=\"tabla_especs\">\n<th class=\"tamanio_th_especs\" scope=\"row\">\n<p class=\"margen_tabla_especs\">Precisi\u00f3n<\/p>\n<\/th>\n<td>\n<p class=\"margen_tabla_especs\">-50 \u00baC a 100 \u00baC +\/-3\u00b0C, 101\u00b0C a 500\u00b0C +\/-1.5% de la lectura<\/p>\n<\/td>\n<\/tr>\n<tr id=\"tabla_especs\">\n<th class=\"tamanio_th_especs\" scope=\"row\">\n<p class=\"margen_tabla_especs\">Unidades de temperatura<\/p>\n<\/th>\n<td>\n<p class=\"margen_tabla_especs\">\u00b0C y \u00b0F<\/p>\n<\/td>\n<\/tr>\n<tr id=\"tabla_especs\">\n<th class=\"tamanio_th_especs\" scope=\"row\">\n<p class=\"margen_tabla_especs\">Radio \u00f3ptico<\/p>\n<\/th>\n<td>\n<p class=\"margen_tabla_especs\">12:1<\/p>\n<\/td>\n<\/tr>\n<tr id=\"tabla_especs\">\n<th class=\"tamanio_th_especs\" scope=\"row\">\n<p class=\"margen_tabla_especs\">Pilas<\/p>\n<\/th>\n<td>\n<p class=\"margen_tabla_especs\">2 (AAA inclu\u00eddas)<\/p>\n<\/td>\n<\/tr>\n<tr id=\"tabla_especs\">\n<th class=\"tamanio_th_especs\" scope=\"row\">\n<p class=\"margen_tabla_especs\">Peso<\/p>\n<\/th>\n<td>\n<p class=\"margen_tabla_especs\">97 g<\/p>\n<\/td>\n<\/tr>\n<\/tbody>\n<\/table>\n<\/div>\n<\/div>\n<div class=\"col-6\">\n<div class=\"table-responsive tabla_border\">\n<table class=\"table table-bordered table_info_prod align-middle m-0\">\n<tbody>\n<tr id=\"tabla_especs\">\n<th class=\"tamanio_th_especs\" scope=\"row\">\n<p class=\"margen_tabla_especs\">Rango de medici\u00f3n (Temperatura)<\/p>\n<\/th>\n<td>\n<p class=\"margen_tabla_especs\">-50 \u00baC a 500 \u00baC (-58 \u00baF a 932 \u00baF)<\/p>\n<\/td>\n<\/tr>\n<tr id=\"tabla_especs\">\n<th class=\"tamanio_th_especs\" scope=\"row\">\n<p class=\"margen_tabla_especs\">Resoluci\u00f3n<\/p>\n<\/th>\n<td>\n<p class=\"margen_tabla_especs\">0,1 \u00baC\/ \u00baF<\/p>\n<\/td>\n<\/tr>\n<tr id=\"tabla_especs\">\n<th class=\"tamanio_th_especs\" scope=\"row\">\n<p class=\"margen_tabla_especs\">Clase de l\u00e1ser<\/p>\n<\/th>\n<td>\n<p class=\"margen_tabla_especs\">II<\/p>\n<\/td>\n<\/tr>\n<tr id=\"tabla_especs\">\n<th class=\"tamanio_th_especs\" scope=\"row\">\n<p class=\"margen_tabla_especs\">Apagado autom\u00e1tico<\/p>\n<\/th>\n<td>\n<p class=\"margen_tabla_especs\">Despu\u00e9s de 10 segundos de inactividad<\/p>\n<\/td>\n<\/tr>\n<tr id=\"tabla_especs\">\n<th class=\"tamanio_th_especs\" scope=\"row\">\n<p class=\"margen_tabla_especs\">Ancho de banda espectral<\/p>\n<\/th>\n<td>\n<p class=\"margen_tabla_especs\">8\u00a0\u03bcm a 14 \u03bcm<\/p>\n<\/td>\n<\/tr>\n<\/tbody>\n<\/table>\n<\/div>\n<\/div>\n","protected":false},"excerpt":{"rendered":"<p>Dise\u00f1o compacto, ergon\u00f3mico y de f\u00e1cil manejo Medici\u00f3n sin contacto para puntos de dif\u00edcil acceso o de riesgo Tecnolog\u00eda l\u00e1ser<\/p>\n","protected":false},"featured_media":101437,"comment_status":"closed","ping_status":"open","template":"","meta":[],"product_brand":[],"product_cat":[15],"product_tag":[],"class_list":{"0":"post-101436","1":"product","2":"type-product","3":"status-publish","4":"has-post-thumbnail","6":"product_cat-uncategorized","8":"first","9":"instock","10":"purchasable","11":"product-type-simple"},"jetpack_sharing_enabled":true,"_links":{"self":[{"href":"https:\/\/www.veneciacr.com\/index.php\/wp-json\/wp\/v2\/product\/101436","targetHints":{"allow":["GET"]}}],"collection":[{"href":"https:\/\/www.veneciacr.com\/index.php\/wp-json\/wp\/v2\/product"}],"about":[{"href":"https:\/\/www.veneciacr.com\/index.php\/wp-json\/wp\/v2\/types\/product"}],"replies":[{"embeddable":true,"href":"https:\/\/www.veneciacr.com\/index.php\/wp-json\/wp\/v2\/comments?post=101436"}],"wp:featuredmedia":[{"embeddable":true,"href":"https:\/\/www.veneciacr.com\/index.php\/wp-json\/wp\/v2\/media\/101437"}],"wp:attachment":[{"href":"https:\/\/www.veneciacr.com\/index.php\/wp-json\/wp\/v2\/media?parent=101436"}],"wp:term":[{"taxonomy":"product_brand","embeddable":true,"href":"https:\/\/www.veneciacr.com\/index.php\/wp-json\/wp\/v2\/product_brand?post=101436"},{"taxonomy":"product_cat","embeddable":true,"href":"https:\/\/www.veneciacr.com\/index.php\/wp-json\/wp\/v2\/product_cat?post=101436"},{"taxonomy":"product_tag","embeddable":true,"href":"https:\/\/www.veneciacr.com\/index.php\/wp-json\/wp\/v2\/product_tag?post=101436"}],"curies":[{"name":"wp","href":"https:\/\/api.w.org\/{rel}","templated":true}]}}