{"id":101424,"date":"2026-04-21T01:54:19","date_gmt":"2026-04-21T07:54:19","guid":{"rendered":"https:\/\/www.veneciacr.com\/index.php\/producto\/camara-wifi-2k-c211-tp-link\/"},"modified":"2026-04-21T01:54:22","modified_gmt":"2026-04-21T07:54:22","slug":"camara-wifi-2k-c211-tp-link","status":"publish","type":"product","link":"https:\/\/www.veneciacr.com\/index.php\/producto\/camara-wifi-2k-c211-tp-link\/","title":{"rendered":"CAMARA WIFI 2K C211 TP LINK"},"content":{"rendered":"<ul>\n<li><strong>Grabaci\u00f3n de V\u00eddeo 2K<\/strong>.\u00a0Videos n\u00edtidos en calidad 2K con resoluci\u00f3n 3MP.<\/li>\n<li><strong>Visi\u00f3n Panor\u00e1mica 360\u00ba<\/strong>. La c\u00e1mara se mueve vertical y horizontalmente para grabar todos los detalles.<\/li>\n<li><strong>Detecci\u00f3n de movimiento y notificaciones.\u00a0<\/strong>Si\u00a0la c\u00e1mara detecta movimiento env\u00eda notificaci\u00f3n para estar alerta.<\/li>\n<li><strong>Visi\u00f3n nocturna<\/strong>.\u00a0Calidad de imagen n\u00edtido hasta 9 metros de distancia .<\/li>\n<li><strong>Seguimiento de Movimiento.<\/strong>\u00a0Sigue y mantiene al sujeto dentro de su \u00e1ngulo de visi\u00f3n.<\/li>\n<li><strong>Alarma con luz y sonido.<\/strong> So la c\u00e1mara detecta un comportamiento sospechoso se activa alarma de luz y sonido<\/li>\n<li><strong>Audio bidireccional<\/strong>. Permite la comunicaci\u00f3n a trav\u00e9s del\u00a0micr\u00f3fono y altavoz integrados en la c\u00e1mara<\/li>\n<li><strong>Almacenamiento seguro<\/strong>. Guarda hasta 512 GB en tarjeta microSD<\/li>\n<li><strong>Control por voz<\/strong>. F\u00e1cil y sencillo control con\u00a0Asistente de Google y Amazon Alexa.<\/li>\n<\/ul>\n","protected":false},"excerpt":{"rendered":"<p>Grabaci\u00f3n de V\u00eddeo 2K.\u00a0Videos n\u00edtidos en calidad 2K con resoluci\u00f3n 3MP. Visi\u00f3n Panor\u00e1mica 360\u00ba. La c\u00e1mara se mueve vertical y<\/p>\n","protected":false},"featured_media":101425,"comment_status":"closed","ping_status":"open","template":"","meta":[],"product_brand":[],"product_cat":[15],"product_tag":[],"class_list":{"0":"post-101424","1":"product","2":"type-product","3":"status-publish","4":"has-post-thumbnail","6":"product_cat-uncategorized","8":"first","9":"outofstock","10":"purchasable","11":"product-type-simple"},"jetpack_sharing_enabled":true,"_links":{"self":[{"href":"https:\/\/www.veneciacr.com\/index.php\/wp-json\/wp\/v2\/product\/101424","targetHints":{"allow":["GET"]}}],"collection":[{"href":"https:\/\/www.veneciacr.com\/index.php\/wp-json\/wp\/v2\/product"}],"about":[{"href":"https:\/\/www.veneciacr.com\/index.php\/wp-json\/wp\/v2\/types\/product"}],"replies":[{"embeddable":true,"href":"https:\/\/www.veneciacr.com\/index.php\/wp-json\/wp\/v2\/comments?post=101424"}],"wp:featuredmedia":[{"embeddable":true,"href":"https:\/\/www.veneciacr.com\/index.php\/wp-json\/wp\/v2\/media\/101425"}],"wp:attachment":[{"href":"https:\/\/www.veneciacr.com\/index.php\/wp-json\/wp\/v2\/media?parent=101424"}],"wp:term":[{"taxonomy":"product_brand","embeddable":true,"href":"https:\/\/www.veneciacr.com\/index.php\/wp-json\/wp\/v2\/product_brand?post=101424"},{"taxonomy":"product_cat","embeddable":true,"href":"https:\/\/www.veneciacr.com\/index.php\/wp-json\/wp\/v2\/product_cat?post=101424"},{"taxonomy":"product_tag","embeddable":true,"href":"https:\/\/www.veneciacr.com\/index.php\/wp-json\/wp\/v2\/product_tag?post=101424"}],"curies":[{"name":"wp","href":"https:\/\/api.w.org\/{rel}","templated":true}]}}