{"id":101411,"date":"2026-04-21T01:54:22","date_gmt":"2026-04-21T07:54:22","guid":{"rendered":"https:\/\/www.veneciacr.com\/index.php\/producto\/ducha-telef-4-con-mang-cromado-wshs3402-wadfow\/"},"modified":"2026-04-21T01:54:25","modified_gmt":"2026-04-21T07:54:25","slug":"ducha-telef-4-con-mang-cromado-wshs3402-wadfow","status":"publish","type":"product","link":"https:\/\/www.veneciacr.com\/index.php\/producto\/ducha-telef-4-con-mang-cromado-wshs3402-wadfow\/","title":{"rendered":"DUCHA TELEF 4&#8243; CON MANG CROMADO WSHS3402 WADFOW"},"content":{"rendered":"<p>Especificaci\u00f3n<\/p>\n<p>Modelo: WSHS3401<br \/>\nDi\u00e1metro del cabezal de ducha: 2,5&#8243; (6,5 cm)<br \/>\nMaterial: ABS (acrilonitrilo butadieno estireno)<br \/>\nAcabado: cromo<br \/>\nConexi\u00f3n de entrada: 1\/2&#8243;<br \/>\nLongitud de la manguera: 1,5 m<\/p>\n","protected":false},"excerpt":{"rendered":"<p>Especificaci\u00f3n Modelo: WSHS3401 Di\u00e1metro del cabezal de ducha: 2,5&#8243; (6,5 cm) Material: ABS (acrilonitrilo butadieno estireno) Acabado: cromo Conexi\u00f3n de<\/p>\n","protected":false},"featured_media":101412,"comment_status":"closed","ping_status":"open","template":"","meta":[],"product_brand":[],"product_cat":[15],"product_tag":[],"class_list":{"0":"post-101411","1":"product","2":"type-product","3":"status-publish","4":"has-post-thumbnail","6":"product_cat-uncategorized","8":"first","9":"instock","10":"purchasable","11":"product-type-simple"},"jetpack_sharing_enabled":true,"_links":{"self":[{"href":"https:\/\/www.veneciacr.com\/index.php\/wp-json\/wp\/v2\/product\/101411","targetHints":{"allow":["GET"]}}],"collection":[{"href":"https:\/\/www.veneciacr.com\/index.php\/wp-json\/wp\/v2\/product"}],"about":[{"href":"https:\/\/www.veneciacr.com\/index.php\/wp-json\/wp\/v2\/types\/product"}],"replies":[{"embeddable":true,"href":"https:\/\/www.veneciacr.com\/index.php\/wp-json\/wp\/v2\/comments?post=101411"}],"wp:featuredmedia":[{"embeddable":true,"href":"https:\/\/www.veneciacr.com\/index.php\/wp-json\/wp\/v2\/media\/101412"}],"wp:attachment":[{"href":"https:\/\/www.veneciacr.com\/index.php\/wp-json\/wp\/v2\/media?parent=101411"}],"wp:term":[{"taxonomy":"product_brand","embeddable":true,"href":"https:\/\/www.veneciacr.com\/index.php\/wp-json\/wp\/v2\/product_brand?post=101411"},{"taxonomy":"product_cat","embeddable":true,"href":"https:\/\/www.veneciacr.com\/index.php\/wp-json\/wp\/v2\/product_cat?post=101411"},{"taxonomy":"product_tag","embeddable":true,"href":"https:\/\/www.veneciacr.com\/index.php\/wp-json\/wp\/v2\/product_tag?post=101411"}],"curies":[{"name":"wp","href":"https:\/\/api.w.org\/{rel}","templated":true}]}}