{"id":10120,"date":"2026-04-21T06:23:42","date_gmt":"2026-04-21T12:23:42","guid":{"rendered":"https:\/\/www.veneciacr.com\/index.php\/producto\/taladro-p-gypsum-1-4-6a-dw255-dewalt\/"},"modified":"2026-04-21T06:23:43","modified_gmt":"2026-04-21T12:23:43","slug":"taladro-gypsum-1-4-6a-dw255-dewalt","status":"publish","type":"product","link":"https:\/\/www.veneciacr.com\/index.php\/producto\/taladro-gypsum-1-4-6a-dw255-dewalt\/","title":{"rendered":"TALADRO GYPSUM 1\/4&#8243; 6A DW255 DEWALT"},"content":{"rendered":"<p>TALADRO GYPSUM 1\/4&#8243; 6A DW255 DEWALT<\/p>\n<p>CARACTERISTICAS<br \/>\nAlta velocidad para fijaci\u00f3n de placas de yeso y maderas de baja dureza<\/p>\n<p>Empu\u00f1adura recubierta en goma para mayor comodidad en la aplicaci\u00f3n<\/p>\n<p>Anclaje de cintur\u00f3n integrado que permite que la herramienta sea transportada mientras se trabaja con las manos<\/p>\n<p>Sistema autom\u00e1tico de regulaci\u00f3n de profundidad para mayor precisi\u00f3n en la fijaci\u00f3n de los tornillos<\/p>\n<p>Dise\u00f1o ergon\u00f3mico e interruptor de 2 dedos para uso continuo<\/p>\n<p>ESPECIFICACIONES<br \/>\nPotencia: 540 W<\/p>\n<p>Torque: 7 Nm<\/p>\n<p>Tama\u00f1o m\u00e1ximo de la fijaci\u00f3n: #8<\/p>\n<p>Peso de la herramienta: 1,3 Kg<\/p>\n<p>APLICACIONES<br \/>\nFijaci\u00f3n de repetici\u00f3n en materiales de baja dureza<\/p>\n<p>Instalaci\u00f3n de placas de yeso<\/p>\n<p>Armado de estructura met\u00e1lica liviana para construcci\u00f3n en seco<\/p>\n<p>Armado de muebles en madera de baja dureza<\/p>\n<p>INCLUYE<br \/>\n(1) Punta Phillips #2<\/p>\n<p>(1) Sujetador de punta magn\u00e9tico<\/p>\n","protected":false},"excerpt":{"rendered":"<p>TALADRO GYPSUM 1\/4&#8243; 6A DW255 DEWALT CARACTERISTICAS Alta velocidad para fijaci\u00f3n de placas de yeso y maderas de baja dureza<\/p>\n","protected":false},"featured_media":97796,"comment_status":"closed","ping_status":"open","template":"","meta":[],"product_brand":[],"product_cat":[23,87],"product_tag":[],"class_list":{"0":"post-10120","1":"product","2":"type-product","3":"status-publish","4":"has-post-thumbnail","6":"product_cat-herramientas","7":"product_cat-herramientas-electricas","9":"first","10":"instock","11":"purchasable","12":"product-type-simple"},"jetpack_sharing_enabled":true,"_links":{"self":[{"href":"https:\/\/www.veneciacr.com\/index.php\/wp-json\/wp\/v2\/product\/10120","targetHints":{"allow":["GET"]}}],"collection":[{"href":"https:\/\/www.veneciacr.com\/index.php\/wp-json\/wp\/v2\/product"}],"about":[{"href":"https:\/\/www.veneciacr.com\/index.php\/wp-json\/wp\/v2\/types\/product"}],"replies":[{"embeddable":true,"href":"https:\/\/www.veneciacr.com\/index.php\/wp-json\/wp\/v2\/comments?post=10120"}],"wp:featuredmedia":[{"embeddable":true,"href":"https:\/\/www.veneciacr.com\/index.php\/wp-json\/wp\/v2\/media\/97796"}],"wp:attachment":[{"href":"https:\/\/www.veneciacr.com\/index.php\/wp-json\/wp\/v2\/media?parent=10120"}],"wp:term":[{"taxonomy":"product_brand","embeddable":true,"href":"https:\/\/www.veneciacr.com\/index.php\/wp-json\/wp\/v2\/product_brand?post=10120"},{"taxonomy":"product_cat","embeddable":true,"href":"https:\/\/www.veneciacr.com\/index.php\/wp-json\/wp\/v2\/product_cat?post=10120"},{"taxonomy":"product_tag","embeddable":true,"href":"https:\/\/www.veneciacr.com\/index.php\/wp-json\/wp\/v2\/product_tag?post=10120"}],"curies":[{"name":"wp","href":"https:\/\/api.w.org\/{rel}","templated":true}]}}